{"id":1488,"date":"2025-03-10T21:59:34","date_gmt":"2025-03-10T20:59:34","guid":{"rendered":"https:\/\/consultorsimmobiliaris.com\/politica-de-confidencialidad\/"},"modified":"2025-06-02T12:49:28","modified_gmt":"2025-06-02T10:49:28","slug":"politica-de-confidencialidad","status":"publish","type":"page","link":"https:\/\/consultorsimmobiliaris.com\/es\/politica-de-confidencialidad\/","title":{"rendered":"Pol\u00edtica de Confidencialidad"},"content":{"rendered":"\t\t<div data-elementor-type=\"wp-page\" data-elementor-id=\"1488\" class=\"elementor elementor-1488 elementor-3\" data-elementor-post-type=\"page\">\n\t\t\t\t<div class=\"elementor-element elementor-element-05dbe67 e-con-full e-flex e-con e-parent\" data-id=\"05dbe67\" data-element_type=\"container\" data-e-type=\"container\">\n\t\t\t\t<div class=\"elementor-element elementor-element-6d7a1f0 elementor-widget__width-inherit elementor-widget elementor-widget-image\" data-id=\"6d7a1f0\" data-element_type=\"widget\" data-e-type=\"widget\" data-widget_type=\"image.default\">\n\t\t\t\t<div class=\"elementor-widget-container\">\n\t\t\t\t\t\t\t\t\t\t\t\t\t\t\t<img fetchpriority=\"high\" decoding=\"async\" width=\"2560\" height=\"1514\" src=\"https:\/\/consultorsimmobiliaris.com\/wp-content\/uploads\/2025\/03\/politica-scaled.webp\" class=\"attachment-full size-full wp-image-1340\" alt=\"\" srcset=\"https:\/\/consultorsimmobiliaris.com\/wp-content\/uploads\/2025\/03\/politica-scaled.webp 2560w, https:\/\/consultorsimmobiliaris.com\/wp-content\/uploads\/2025\/03\/politica-300x177.webp 300w, https:\/\/consultorsimmobiliaris.com\/wp-content\/uploads\/2025\/03\/politica-1024x605.webp 1024w, https:\/\/consultorsimmobiliaris.com\/wp-content\/uploads\/2025\/03\/politica-768x454.webp 768w, https:\/\/consultorsimmobiliaris.com\/wp-content\/uploads\/2025\/03\/politica-1536x908.webp 1536w, https:\/\/consultorsimmobiliaris.com\/wp-content\/uploads\/2025\/03\/politica-2048x1211.webp 2048w\" sizes=\"(max-width: 2560px) 100vw, 2560px\" \/>\t\t\t\t\t\t\t\t\t\t\t\t\t\t\t<\/div>\n\t\t\t\t<\/div>\n\t\t\t\t<\/div>\n\t\t<div class=\"elementor-element elementor-element-08630b2 e-flex e-con-boxed e-con e-parent\" data-id=\"08630b2\" data-element_type=\"container\" data-e-type=\"container\">\n\t\t\t\t\t<div class=\"e-con-inner\">\n\t\t\t\t<div class=\"elementor-element elementor-element-be1b228 elementor-widget elementor-widget-heading\" data-id=\"be1b228\" data-element_type=\"widget\" data-e-type=\"widget\" data-widget_type=\"heading.default\">\n\t\t\t\t<div class=\"elementor-widget-container\">\n\t\t\t\t\t<h2 class=\"elementor-heading-title elementor-size-default\">POL\u00cdTICA DE CONFIDENCIALIDAD Y PROTECCI\u00d3N DE\n DATOS<\/h2>\t\t\t\t<\/div>\n\t\t\t\t<\/div>\n\t\t\t\t<div class=\"elementor-element elementor-element-f2e1606 elementor-widget elementor-widget-heading\" data-id=\"f2e1606\" data-element_type=\"widget\" data-e-type=\"widget\" data-widget_type=\"heading.default\">\n\t\t\t\t<div class=\"elementor-widget-container\">\n\t\t\t\t\t<h2 class=\"elementor-heading-title elementor-size-default\">En Consultores Inmobiliarios, con sede en C\/ Constituci\u00f3, 13 \u00b7 local 1, bajos \u2013 AD700 Escaldes-\n Engordany, nos comprometemos firmemente a proteger la privacidad y la confidencialidad de los datos\n personales de nuestros clientes, colaboradores y usuarios, de acuerdo con lo que establece la Ley 29\/2021,\n de 28 de octubre, calificada de protecci\u00f3n de datos personales.<\/h2>\t\t\t\t<\/div>\n\t\t\t\t<\/div>\n\t\t\t\t<div class=\"elementor-element elementor-element-e77819d elementor-widget elementor-widget-heading\" data-id=\"e77819d\" data-element_type=\"widget\" data-e-type=\"widget\" data-widget_type=\"heading.default\">\n\t\t\t\t<div class=\"elementor-widget-container\">\n\t\t\t\t\t<h2 class=\"elementor-heading-title elementor-size-default\">DATOS DEL RESPONSABLE DEL TRATAMIENTO<\/h2>\t\t\t\t<\/div>\n\t\t\t\t<\/div>\n\t\t\t\t<div class=\"elementor-element elementor-element-d5fde7e elementor-widget elementor-widget-text-editor\" data-id=\"d5fde7e\" data-element_type=\"widget\" data-e-type=\"widget\" data-widget_type=\"text-editor.default\">\n\t\t\t\t<div class=\"elementor-widget-container\">\n\t\t\t\t\t\t\t\t\t<p class=\"p1\"><b>\u2022 Responsable<\/b> : Consultores Inmobiliarios<\/p><p class=\"p1\"><b>\u2022 Direcci\u00f3n<\/b> : C\/ Constituci\u00f3, 13 \u00b7 local 1, bajos \u2013 AD700 Escaldes-Engordany<\/p><p class=\"p1\"><b>\u2022 Tel\u00e9fono de contacto<\/b> : +376 650 682<\/p><p class=\"p1\"><b>\u2022 Correo electr\u00f3nico<\/b> : info@consultorsimmobiliaris.com<\/p><p class=\"p1\"><b>\u2022 Delegado\/Responsable de Protecci\u00f3n de Datos<\/b> :<span class=\"Apple-converted-space\"> <\/span><\/p>\t\t\t\t\t\t\t\t<\/div>\n\t\t\t\t<\/div>\n\t\t\t\t<div class=\"elementor-element elementor-element-9834053 elementor-widget elementor-widget-heading\" data-id=\"9834053\" data-element_type=\"widget\" data-e-type=\"widget\" data-widget_type=\"heading.default\">\n\t\t\t\t<div class=\"elementor-widget-container\">\n\t\t\t\t\t<h2 class=\"elementor-heading-title elementor-size-default\">FINALIDAD DEL TRATAMIENTO<\/h2>\t\t\t\t<\/div>\n\t\t\t\t<\/div>\n\t\t\t\t<div class=\"elementor-element elementor-element-21f88b8 elementor-widget elementor-widget-text-editor\" data-id=\"21f88b8\" data-element_type=\"widget\" data-e-type=\"widget\" data-widget_type=\"text-editor.default\">\n\t\t\t\t<div class=\"elementor-widget-container\">\n\t\t\t\t\t\t\t\t\t<p class=\"p1\">Los datos personales son recogidos y tratados para las siguientes finalidades:<\/p><p class=\"p1\">\u2022 Organizaci\u00f3n de visitas, reuniones y gesti\u00f3n de atenci\u00f3n presencial o remota.<\/p><p class=\"p1\">\u2022 Prestaci\u00f3n de servicios inmobiliarios y gesti\u00f3n de contratos.<\/p><p class=\"p1\">\u2022 Atenci\u00f3n de consultas, propuestas o peticiones comerciales y profesionales.<\/p><p class=\"p1\">\u2022 Env\u00edo de informaci\u00f3n relevante y contenidos promocionales relacionados con nuestros servicios.<\/p><p class=\"p1\">\u2022 Gesti\u00f3n de candidaturas para procesos de selecci\u00f3n y contrataci\u00f3n.<\/p><p class=\"p1\">\u2022 Control de acceso y sistemas de videovigilancia para garantizar la seguridad de nuestras instalaciones.<\/p><p class=\"p1\">\u2022 Cumplimiento de normativas laborales, sanitarias y de seguridad.<\/p><p class=\"p1\">\u2022 Gesti\u00f3n interna de procesos de comunicaci\u00f3n, canal \u00e9tico y mecanismos de cumplimiento normativo.<\/p><p class=\"p1\">\u2022 Otros tratamientos necesarios para el cumplimiento de la legislaci\u00f3n aplicable.<\/p><p class=\"p1\">Los datos ser\u00e1n tratados con la debida confidencialidad y s\u00f3lo para las finalidades expuestas.<span class=\"Apple-converted-space\"> <\/span><\/p>\t\t\t\t\t\t\t\t<\/div>\n\t\t\t\t<\/div>\n\t\t\t\t<div class=\"elementor-element elementor-element-7724929 elementor-widget elementor-widget-heading\" data-id=\"7724929\" data-element_type=\"widget\" data-e-type=\"widget\" data-widget_type=\"heading.default\">\n\t\t\t\t<div class=\"elementor-widget-container\">\n\t\t\t\t\t<h2 class=\"elementor-heading-title elementor-size-default\">BASE JUR\u00cdDICA DEL TRATAMIENTO<\/h2>\t\t\t\t<\/div>\n\t\t\t\t<\/div>\n\t\t\t\t<div class=\"elementor-element elementor-element-b62d9b9 elementor-widget elementor-widget-text-editor\" data-id=\"b62d9b9\" data-element_type=\"widget\" data-e-type=\"widget\" data-widget_type=\"text-editor.default\">\n\t\t\t\t<div class=\"elementor-widget-container\">\n\t\t\t\t\t\t\t\t\t<p class=\"p1\">El tratamiento de los datos se fundamenta en:<\/p><p class=\"p1\">\u2022 El consentimiento del interesado.<\/p><p class=\"p1\">\u2022 La ejecuci\u00f3n de un contrato o la prestaci\u00f3n de un servicio.<\/p><p class=\"p1\">\u2022 El cumplimiento de obligaciones legales.<\/p><p class=\"p1\">\u2022 El inter\u00e9s leg\u00edtimo del responsable por garantizar la calidad de los servicios y la seguridad.<span class=\"Apple-converted-space\"> <\/span><\/p>\t\t\t\t\t\t\t\t<\/div>\n\t\t\t\t<\/div>\n\t\t\t\t<div class=\"elementor-element elementor-element-bd9e2dd elementor-widget elementor-widget-heading\" data-id=\"bd9e2dd\" data-element_type=\"widget\" data-e-type=\"widget\" data-widget_type=\"heading.default\">\n\t\t\t\t<div class=\"elementor-widget-container\">\n\t\t\t\t\t<h2 class=\"elementor-heading-title elementor-size-default\">CONSERVACI\u00d3N DE LOS DATOS<\/h2>\t\t\t\t<\/div>\n\t\t\t\t<\/div>\n\t\t\t\t<div class=\"elementor-element elementor-element-58ef1af elementor-widget elementor-widget-text-editor\" data-id=\"58ef1af\" data-element_type=\"widget\" data-e-type=\"widget\" data-widget_type=\"text-editor.default\">\n\t\t\t\t<div class=\"elementor-widget-container\">\n\t\t\t\t\t\t\t\t\t<p class=\"p1\">Los datos personales se conservar\u00e1n durante el tiempo necesario para cumplir con la finalidad por la que fueron recogidos y, posteriormente, seg\u00fan los plazos legales aplicables:<\/p><p class=\"p1\"><b>\u2022 Servicios contratados<\/b> : mientras dure la relaci\u00f3n contractual y durante el per\u00edodo necesario para cumplir obligaciones legales.<\/p><p class=\"p1\"><b>\u2022 Candidaturas<\/b> : hasta un m\u00e1ximo de un a\u00f1o, salvo solicitud expresa de conservaci\u00f3n por m\u00e1s tiempo.<\/p><p class=\"p1\"><b>\u2022 Datos laborales<\/b> : mientras dure la relaci\u00f3n laboral y seg\u00fan los plazos legales de conservaci\u00f3n.<\/p><p class=\"p1\"><b>\u2022 Otros casos<\/b> : hasta que dejen de ser necesarias o el interesado solicite su supresi\u00f3n.<span class=\"Apple-converted-space\"> <\/span><\/p>\t\t\t\t\t\t\t\t<\/div>\n\t\t\t\t<\/div>\n\t\t\t\t<div class=\"elementor-element elementor-element-3a1da34 elementor-widget elementor-widget-heading\" data-id=\"3a1da34\" data-element_type=\"widget\" data-e-type=\"widget\" data-widget_type=\"heading.default\">\n\t\t\t\t<div class=\"elementor-widget-container\">\n\t\t\t\t\t<h2 class=\"elementor-heading-title elementor-size-default\">DESTINATARIOS<\/h2>\t\t\t\t<\/div>\n\t\t\t\t<\/div>\n\t\t\t\t<div class=\"elementor-element elementor-element-32d0714 elementor-widget elementor-widget-text-editor\" data-id=\"32d0714\" data-element_type=\"widget\" data-e-type=\"widget\" data-widget_type=\"text-editor.default\">\n\t\t\t\t<div class=\"elementor-widget-container\">\n\t\t\t\t\t\t\t\t\t<p class=\"p1\">Los datos tratados proceden directamente de los propios interesados \u200b\u200bo, en su caso, de colaboradores autorizados. Los datos pueden incluir: <\/p><p class=\"p1\">\u2022 Datos identificativos.<\/p><p class=\"p1\">\u2022 Informaci\u00f3n de contacto (direcciones postales y electr\u00f3nicas).<\/p><p class=\"p1\">\u2022 Datos relacionados con los servicios solicitados o contratados.<span class=\"Apple-converted-space\"> <\/span><\/p>\t\t\t\t\t\t\t\t<\/div>\n\t\t\t\t<\/div>\n\t\t\t\t<div class=\"elementor-element elementor-element-22f0a8c elementor-widget elementor-widget-heading\" data-id=\"22f0a8c\" data-element_type=\"widget\" data-e-type=\"widget\" data-widget_type=\"heading.default\">\n\t\t\t\t<div class=\"elementor-widget-container\">\n\t\t\t\t\t<h2 class=\"elementor-heading-title elementor-size-default\">DERECHOS DE LAS PERSONAS INTERESADAS<\/h2>\t\t\t\t<\/div>\n\t\t\t\t<\/div>\n\t\t\t\t<div class=\"elementor-element elementor-element-f74c4cc elementor-widget elementor-widget-text-editor\" data-id=\"f74c4cc\" data-element_type=\"widget\" data-e-type=\"widget\" data-widget_type=\"text-editor.default\">\n\t\t\t\t<div class=\"elementor-widget-container\">\n\t\t\t\t\t\t\t\t\t<p class=\"p1\">Las personas titulares de los datos pueden ejercer los siguientes derechos:<\/p><p class=\"p1\"><b>\u2022 Derecho de acceso<\/b> : obtener informaci\u00f3n sobre sus datos.<\/p><p class=\"p1\"><b>\u2022 Derecho de rectificaci\u00f3n<\/b> : corregir datos inexactos o incompletos.  <b><\/b><\/p><p class=\"p1\"><b>\u2022 Derecho de supresi\u00f3n<\/b> : solicitar la eliminaci\u00f3n cuando ya no sean necesarias.<\/p><p class=\"p1\"><b>\u2022 Derecho de limitaci\u00f3n<\/b> : restringir el tratamiento en determinadas circunstancias.<\/p><p class=\"p1\"><b>\u2022 Derecho de oposici\u00f3n<\/b> : oponerse al tratamiento por motivos particulares.<\/p><p class=\"p1\"><b>\u2022 Derecho a la portabilidad<\/b> : recibir los datos en formato estructurado y legible, o transferirlos a otro responsable.<\/p><p class=\"p1\"><b>\u2022 Derecho a retirar el consentimiento<\/b> : en cualquier momento, cuando el tratamiento se base en \u00e9ste. Para ejercitar cualquiera de estos derechos, puedes ponerte en contacto con nosotros mediante el correo info@consultorsimmobiliaris.com. <span class=\"Apple-converted-space\"> <\/span><\/p>\t\t\t\t\t\t\t\t<\/div>\n\t\t\t\t<\/div>\n\t\t\t\t<div class=\"elementor-element elementor-element-42d6aa8 elementor-widget elementor-widget-heading\" data-id=\"42d6aa8\" data-element_type=\"widget\" data-e-type=\"widget\" data-widget_type=\"heading.default\">\n\t\t\t\t<div class=\"elementor-widget-container\">\n\t\t\t\t\t<h2 class=\"elementor-heading-title elementor-size-default\">MEDIDAS DE SEGURIDAD<\/h2>\t\t\t\t<\/div>\n\t\t\t\t<\/div>\n\t\t\t\t<div class=\"elementor-element elementor-element-432b76e elementor-widget elementor-widget-text-editor\" data-id=\"432b76e\" data-element_type=\"widget\" data-e-type=\"widget\" data-widget_type=\"text-editor.default\">\n\t\t\t\t<div class=\"elementor-widget-container\">\n\t\t\t\t\t\t\t\t\t<p class=\"p1\">Aplicamos medidas t\u00e9cnicas y organizativas para garantizar la seguridad, integridad y confidencialidad de los datos personales, evitando su p\u00e9rdida, alteraci\u00f3n, acceso o uso no autorizado. En caso de que detectes una incidencia relacionada con la protecci\u00f3n de datos, te rogamos que nos lo comuniques de inmediato. <span class=\"Apple-converted-space\"> <\/span><\/p>\t\t\t\t\t\t\t\t<\/div>\n\t\t\t\t<\/div>\n\t\t\t\t<div class=\"elementor-element elementor-element-5921fe7 elementor-widget elementor-widget-heading\" data-id=\"5921fe7\" data-element_type=\"widget\" data-e-type=\"widget\" data-widget_type=\"heading.default\">\n\t\t\t\t<div class=\"elementor-widget-container\">\n\t\t\t\t\t<h2 class=\"elementor-heading-title elementor-size-default\">AUTORIDAD DE CONTROL<\/h2>\t\t\t\t<\/div>\n\t\t\t\t<\/div>\n\t\t\t\t<div class=\"elementor-element elementor-element-35c5dec elementor-widget elementor-widget-text-editor\" data-id=\"35c5dec\" data-element_type=\"widget\" data-e-type=\"widget\" data-widget_type=\"text-editor.default\">\n\t\t\t\t<div class=\"elementor-widget-container\">\n\t\t\t\t\t\t\t\t\t<p class=\"p1\">Si consideras que tus derechos no han sido debidamente atendidos, puedes dirigirte a la <b>Agencia Andorrana de Protecci\u00f3n de Datos<\/b> : <span class=\"s1\"><a href=\"http:\/\/www.apda.ad\">www.apda.ad<\/a><span class=\"Apple-converted-space\"> <\/span><\/span> <\/p>\t\t\t\t\t\t\t\t<\/div>\n\t\t\t\t<\/div>\n\t\t\t\t<div class=\"elementor-element elementor-element-904aef1 elementor-widget elementor-widget-heading\" data-id=\"904aef1\" data-element_type=\"widget\" data-e-type=\"widget\" data-widget_type=\"heading.default\">\n\t\t\t\t<div class=\"elementor-widget-container\">\n\t\t\t\t\t<h2 class=\"elementor-heading-title elementor-size-default\">MEDIDAS DE SEGURIDAD<\/h2>\t\t\t\t<\/div>\n\t\t\t\t<\/div>\n\t\t\t\t<div class=\"elementor-element elementor-element-d6d8975 elementor-widget elementor-widget-text-editor\" data-id=\"d6d8975\" data-element_type=\"widget\" data-e-type=\"widget\" data-widget_type=\"text-editor.default\">\n\t\t\t\t<div class=\"elementor-widget-container\">\n\t\t\t\t\t\t\t\t\t<p class=\"p1\">Para cualquier duda, sugerencia o solicitud relacionada con el tratamiento de datos personales, puedes contactar con nosotros a trav\u00e9s del correo <b>info@consultorsimmobiliaris.com<\/b> o al tel\u00e9fono <b>+376 650 682<\/b> .<span class=\"Apple-converted-space\"> <\/span><\/p>\t\t\t\t\t\t\t\t<\/div>\n\t\t\t\t<\/div>\n\t\t\t\t\t<\/div>\n\t\t\t\t<\/div>\n\t\t\t\t<\/div>\n\t\t","protected":false},"excerpt":{"rendered":"<p>POL\u00cdTICA DE CONFIDENCIALIDAD Y PROTECCI\u00d3N DE DATOS En Consultores Inmobiliarios, con sede en C\/ Constituci\u00f3, 13 \u00b7 local 1, bajos \u2013 AD700 Escaldes- Engordany, nos comprometemos firmemente a proteger la privacidad y la confidencialidad de los datos personales de nuestros clientes, colaboradores y usuarios, de acuerdo con lo que establece la Ley 29\/2021, de 28 [&hellip;]<\/p>\n","protected":false},"author":1,"featured_media":0,"parent":0,"menu_order":0,"comment_status":"closed","ping_status":"open","template":"","meta":{"_acf_changed":false,"footnotes":""},"class_list":["post-1488","page","type-page","status-publish","hentry"],"acf":[],"_links":{"self":[{"href":"https:\/\/consultorsimmobiliaris.com\/es\/wp-json\/wp\/v2\/pages\/1488","targetHints":{"allow":["GET"]}}],"collection":[{"href":"https:\/\/consultorsimmobiliaris.com\/es\/wp-json\/wp\/v2\/pages"}],"about":[{"href":"https:\/\/consultorsimmobiliaris.com\/es\/wp-json\/wp\/v2\/types\/page"}],"author":[{"embeddable":true,"href":"https:\/\/consultorsimmobiliaris.com\/es\/wp-json\/wp\/v2\/users\/1"}],"replies":[{"embeddable":true,"href":"https:\/\/consultorsimmobiliaris.com\/es\/wp-json\/wp\/v2\/comments?post=1488"}],"version-history":[{"count":1,"href":"https:\/\/consultorsimmobiliaris.com\/es\/wp-json\/wp\/v2\/pages\/1488\/revisions"}],"predecessor-version":[{"id":1489,"href":"https:\/\/consultorsimmobiliaris.com\/es\/wp-json\/wp\/v2\/pages\/1488\/revisions\/1489"}],"wp:attachment":[{"href":"https:\/\/consultorsimmobiliaris.com\/es\/wp-json\/wp\/v2\/media?parent=1488"}],"curies":[{"name":"wp","href":"https:\/\/api.w.org\/{rel}","templated":true}]}}