{"id":1493,"date":"2025-03-12T10:55:41","date_gmt":"2025-03-12T09:55:41","guid":{"rendered":"https:\/\/consultorsimmobiliaris.com\/servicios\/"},"modified":"2025-06-03T18:15:41","modified_gmt":"2025-06-03T16:15:41","slug":"servicios","status":"publish","type":"page","link":"https:\/\/consultorsimmobiliaris.com\/es\/servicios\/","title":{"rendered":"Servicios"},"content":{"rendered":"\t\t<div data-elementor-type=\"wp-page\" data-elementor-id=\"1493\" class=\"elementor elementor-1493 elementor-396\" data-elementor-post-type=\"page\">\n\t\t\t\t<div class=\"elementor-element elementor-element-8d36165 e-con-full e-flex e-con e-parent\" data-id=\"8d36165\" data-element_type=\"container\" data-e-type=\"container\">\n\t\t\t\t<div class=\"elementor-element elementor-element-9b0afa0 elementor-widget__width-inherit elementor-widget elementor-widget-image\" data-id=\"9b0afa0\" data-element_type=\"widget\" data-e-type=\"widget\" data-widget_type=\"image.default\">\n\t\t\t\t<div class=\"elementor-widget-container\">\n\t\t\t\t\t\t\t\t\t\t\t\t\t\t\t<img fetchpriority=\"high\" decoding=\"async\" width=\"2114\" height=\"2560\" src=\"https:\/\/consultorsimmobiliaris.com\/wp-content\/uploads\/2025\/03\/serveis-scaled.webp\" class=\"attachment-full size-full wp-image-983\" alt=\"\" srcset=\"https:\/\/consultorsimmobiliaris.com\/wp-content\/uploads\/2025\/03\/serveis-scaled.webp 2114w, https:\/\/consultorsimmobiliaris.com\/wp-content\/uploads\/2025\/03\/serveis-248x300.webp 248w, https:\/\/consultorsimmobiliaris.com\/wp-content\/uploads\/2025\/03\/serveis-846x1024.webp 846w, https:\/\/consultorsimmobiliaris.com\/wp-content\/uploads\/2025\/03\/serveis-768x930.webp 768w, https:\/\/consultorsimmobiliaris.com\/wp-content\/uploads\/2025\/03\/serveis-1268x1536.webp 1268w, https:\/\/consultorsimmobiliaris.com\/wp-content\/uploads\/2025\/03\/serveis-1691x2048.webp 1691w\" sizes=\"(max-width: 2114px) 100vw, 2114px\" \/>\t\t\t\t\t\t\t\t\t\t\t\t\t\t\t<\/div>\n\t\t\t\t<\/div>\n\t\t\t\t<\/div>\n\t\t<div class=\"elementor-element elementor-element-20e2e79 e-flex e-con-boxed e-con e-parent\" data-id=\"20e2e79\" data-element_type=\"container\" data-e-type=\"container\">\n\t\t\t\t\t<div class=\"e-con-inner\">\n\t\t<div class=\"elementor-element elementor-element-41d5bbc e-con-full e-flex e-con e-child\" data-id=\"41d5bbc\" data-element_type=\"container\" data-e-type=\"container\">\n\t\t\t\t<div class=\"elementor-element elementor-element-3b956ab elementor-widget__width-initial elementor-widget elementor-widget-heading\" data-id=\"3b956ab\" data-element_type=\"widget\" data-e-type=\"widget\" data-widget_type=\"heading.default\">\n\t\t\t\t<div class=\"elementor-widget-container\">\n\t\t\t\t\t<h2 class=\"elementor-heading-title elementor-size-default\">tu futuro en uno de los destinos m\u00e1s atractivos\n de Europa<\/h2>\t\t\t\t<\/div>\n\t\t\t\t<\/div>\n\t\t\t\t<\/div>\n\t\t\t\t\t<\/div>\n\t\t\t\t<\/div>\n\t\t<div class=\"elementor-element elementor-element-5a71a24 e-flex e-con-boxed e-con e-parent\" data-id=\"5a71a24\" data-element_type=\"container\" data-e-type=\"container\" id=\"ASSESSORAMENT\">\n\t\t\t\t\t<div class=\"e-con-inner\">\n\t\t<div class=\"elementor-element elementor-element-4922c05 e-con-full e-flex e-con e-child\" data-id=\"4922c05\" data-element_type=\"container\" data-e-type=\"container\">\n\t\t\t\t<div class=\"elementor-element elementor-element-c2166e0 elementor-widget elementor-widget-image\" data-id=\"c2166e0\" data-element_type=\"widget\" data-e-type=\"widget\" data-widget_type=\"image.default\">\n\t\t\t\t<div class=\"elementor-widget-container\">\n\t\t\t\t\t\t\t\t\t\t\t\t\t\t\t<img decoding=\"async\" width=\"800\" height=\"531\" src=\"https:\/\/consultorsimmobiliaris.com\/wp-content\/uploads\/2025\/03\/inversio-1024x680.webp\" class=\"attachment-large size-large wp-image-992\" alt=\"\" srcset=\"https:\/\/consultorsimmobiliaris.com\/wp-content\/uploads\/2025\/03\/inversio-1024x680.webp 1024w, https:\/\/consultorsimmobiliaris.com\/wp-content\/uploads\/2025\/03\/inversio-300x199.webp 300w, https:\/\/consultorsimmobiliaris.com\/wp-content\/uploads\/2025\/03\/inversio-768x510.webp 768w, https:\/\/consultorsimmobiliaris.com\/wp-content\/uploads\/2025\/03\/inversio.webp 1333w\" sizes=\"(max-width: 800px) 100vw, 800px\" \/>\t\t\t\t\t\t\t\t\t\t\t\t\t\t\t<\/div>\n\t\t\t\t<\/div>\n\t\t\t\t<\/div>\n\t\t<div class=\"elementor-element elementor-element-ad7d6f7 e-con-full e-flex e-con e-child\" data-id=\"ad7d6f7\" data-element_type=\"container\" data-e-type=\"container\">\n\t\t\t\t<div class=\"elementor-element elementor-element-2a980f2 elementor-widget elementor-widget-heading\" data-id=\"2a980f2\" data-element_type=\"widget\" data-e-type=\"widget\" data-widget_type=\"heading.default\">\n\t\t\t\t<div class=\"elementor-widget-container\">\n\t\t\t\t\t<h2 class=\"elementor-heading-title elementor-size-default\">ASESORAMIENTO EN INVERSI\u00d3N<\/h2>\t\t\t\t<\/div>\n\t\t\t\t<\/div>\n\t\t\t\t<div class=\"elementor-element elementor-element-6f67bb5 elementor-widget elementor-widget-text-editor\" data-id=\"6f67bb5\" data-element_type=\"widget\" data-e-type=\"widget\" data-widget_type=\"text-editor.default\">\n\t\t\t\t<div class=\"elementor-widget-container\">\n\t\t\t\t\t\t\t\t\t<p class=\"p1\">Los servicios de asesoramiento en inversiones inmobiliarias en Andorra son cada vez m\u00e1s demandados gracias al crecimiento del sector inmobiliario del pa\u00eds y las oportunidades que ofrece como destino para inversores internacionales. Andorra, con su ubicaci\u00f3n estrat\u00e9gica entre Espa\u00f1a y Francia, su atractiva fiscalidad, y su entorno de seguridad jur\u00eddica y econ\u00f3mica, se ha convertido en un foco de inter\u00e9s para aquellos que buscan diversificar su patrimonio a trav\u00e9s de la inversi\u00f3n inmobiliaria. <\/p>\t\t\t\t\t\t\t\t<\/div>\n\t\t\t\t<\/div>\n\t\t\t\t<div class=\"elementor-element elementor-element-a249c21 elementor-widget elementor-widget-text-editor\" data-id=\"a249c21\" data-element_type=\"widget\" data-e-type=\"widget\" data-widget_type=\"text-editor.default\">\n\t\t\t\t<div class=\"elementor-widget-container\">\n\t\t\t\t\t\t\t\t\t<ul><li class=\"p1\">Asesoramiento Legal y Fiscal<\/li><li class=\"p1\"><span class=\"Apple-converted-space\"> <\/span>An\u00e1lisis de Mercado y Estudio de Viabilidad<\/li><li class=\"p1\"><span class=\"Apple-converted-space\"> <\/span>Gesti\u00f3n de Inversiones<\/li><li class=\"p1\">Financiaci\u00f3n y Cr\u00e9ditos<\/li><li class=\"p1\">Asesoramiento en Inversiones en Propiedades de Alquiler<\/li><li class=\"p1\">Consultor\u00eda para Inversores Extranjeros<\/li><li class=\"p1\">Inversiones en Desarrollos y Proyectos de Nueva Construcci\u00f3n<\/li><li class=\"p1\">Estrategias de Salida<\/li><\/ul>\t\t\t\t\t\t\t\t<\/div>\n\t\t\t\t<\/div>\n\t\t\t\t<\/div>\n\t\t\t\t\t<\/div>\n\t\t\t\t<\/div>\n\t\t<div class=\"elementor-element elementor-element-722c6c3 e-flex e-con-boxed e-con e-parent\" data-id=\"722c6c3\" data-element_type=\"container\" data-e-type=\"container\" id=\"GESTIO\">\n\t\t\t\t\t<div class=\"e-con-inner\">\n\t\t<div class=\"elementor-element elementor-element-be02f9f e-con-full e-flex e-con e-child\" data-id=\"be02f9f\" data-element_type=\"container\" data-e-type=\"container\">\n\t\t\t\t<div class=\"elementor-element elementor-element-8cbf3a8 elementor-widget elementor-widget-image\" data-id=\"8cbf3a8\" data-element_type=\"widget\" data-e-type=\"widget\" data-widget_type=\"image.default\">\n\t\t\t\t<div class=\"elementor-widget-container\">\n\t\t\t\t\t\t\t\t\t\t\t\t\t\t\t<img decoding=\"async\" width=\"800\" height=\"530\" src=\"https:\/\/consultorsimmobiliaris.com\/wp-content\/uploads\/2025\/03\/tramits-1024x678.webp\" class=\"attachment-large size-large wp-image-986\" alt=\"\" srcset=\"https:\/\/consultorsimmobiliaris.com\/wp-content\/uploads\/2025\/03\/tramits-1024x678.webp 1024w, https:\/\/consultorsimmobiliaris.com\/wp-content\/uploads\/2025\/03\/tramits-300x199.webp 300w, https:\/\/consultorsimmobiliaris.com\/wp-content\/uploads\/2025\/03\/tramits-768x509.webp 768w, https:\/\/consultorsimmobiliaris.com\/wp-content\/uploads\/2025\/03\/tramits-1536x1017.webp 1536w, https:\/\/consultorsimmobiliaris.com\/wp-content\/uploads\/2025\/03\/tramits-2048x1356.webp 2048w\" sizes=\"(max-width: 800px) 100vw, 800px\" \/>\t\t\t\t\t\t\t\t\t\t\t\t\t\t\t<\/div>\n\t\t\t\t<\/div>\n\t\t\t\t<\/div>\n\t\t<div class=\"elementor-element elementor-element-36f0d1e e-con-full e-flex e-con e-child\" data-id=\"36f0d1e\" data-element_type=\"container\" data-e-type=\"container\">\n\t\t\t\t<div class=\"elementor-element elementor-element-eec5bff elementor-widget elementor-widget-heading\" data-id=\"eec5bff\" data-element_type=\"widget\" data-e-type=\"widget\" data-widget_type=\"heading.default\">\n\t\t\t\t<div class=\"elementor-widget-container\">\n\t\t\t\t\t<h2 class=\"elementor-heading-title elementor-size-default\">GESTI\u00d3N INTEGRAL DEL TRASLADO Y ESTABLECIMIENTO<\/h2>\t\t\t\t<\/div>\n\t\t\t\t<\/div>\n\t\t\t\t<div class=\"elementor-element elementor-element-b404d6d elementor-widget elementor-widget-text-editor\" data-id=\"b404d6d\" data-element_type=\"widget\" data-e-type=\"widget\" data-widget_type=\"text-editor.default\">\n\t\t\t\t<div class=\"elementor-widget-container\">\n\t\t\t\t\t\t\t\t\t<p class=\"p1\">En Andorra, los servicios de gesti\u00f3n integral para el traslado y establecimiento de una nueva residencia son muy valiosos para aquellos que desean cambiar de residencia y necesitan ayuda para adaptarse a este nuevo entorno. <\/p>\t\t\t\t\t\t\t\t<\/div>\n\t\t\t\t<\/div>\n\t\t\t\t<div class=\"elementor-element elementor-element-263678f elementor-widget elementor-widget-text-editor\" data-id=\"263678f\" data-element_type=\"widget\" data-e-type=\"widget\" data-widget_type=\"text-editor.default\">\n\t\t\t\t<div class=\"elementor-widget-container\">\n\t\t\t\t\t\t\t\t\t<ul><li>Asesoramiento legal y fiscal<\/li><li>Gesti\u00f3n documental y tr\u00e1mites administrativos<\/li><li class=\"p1\">Asesoramiento en la b\u00fasqueda de vivienda<\/li><li class=\"p1\">Servicios de empaque y traslado de bienes<\/li><li class=\"p1\">Servicios de asistencia bancaria y financiera<\/li><li class=\"p1\">Servicios de adaptaci\u00f3n social y cultural<\/li><li class=\"p1\">Servicios de salud y bienestar<\/li><li class=\"p1\">Servicios de idiomas y formaci\u00f3n<\/li><li class=\"p1\">Gesti\u00f3n de servicios dom\u00e9sticos y personales<\/li><\/ul>\t\t\t\t\t\t\t\t<\/div>\n\t\t\t\t<\/div>\n\t\t\t\t<\/div>\n\t\t\t\t\t<\/div>\n\t\t\t\t<\/div>\n\t\t<div class=\"elementor-element elementor-element-d314c33 e-flex e-con-boxed e-con e-parent\" data-id=\"d314c33\" data-element_type=\"container\" data-e-type=\"container\" id=\"SERVEIS\">\n\t\t\t\t\t<div class=\"e-con-inner\">\n\t\t<div class=\"elementor-element elementor-element-acc47a1 e-con-full e-flex e-con e-child\" data-id=\"acc47a1\" data-element_type=\"container\" data-e-type=\"container\">\n\t\t\t\t<div class=\"elementor-element elementor-element-a231dbb elementor-widget elementor-widget-image\" data-id=\"a231dbb\" data-element_type=\"widget\" data-e-type=\"widget\" data-widget_type=\"image.default\">\n\t\t\t\t<div class=\"elementor-widget-container\">\n\t\t\t\t\t\t\t\t\t\t\t\t\t\t\t<img loading=\"lazy\" decoding=\"async\" width=\"800\" height=\"534\" src=\"https:\/\/consultorsimmobiliaris.com\/wp-content\/uploads\/2025\/03\/chofer-1024x683.webp\" class=\"attachment-large size-large wp-image-989\" alt=\"\" srcset=\"https:\/\/consultorsimmobiliaris.com\/wp-content\/uploads\/2025\/03\/chofer-1024x683.webp 1024w, https:\/\/consultorsimmobiliaris.com\/wp-content\/uploads\/2025\/03\/chofer-300x200.webp 300w, https:\/\/consultorsimmobiliaris.com\/wp-content\/uploads\/2025\/03\/chofer-768x512.webp 768w, https:\/\/consultorsimmobiliaris.com\/wp-content\/uploads\/2025\/03\/chofer-1536x1024.webp 1536w, https:\/\/consultorsimmobiliaris.com\/wp-content\/uploads\/2025\/03\/chofer.webp 1600w\" sizes=\"(max-width: 800px) 100vw, 800px\" \/>\t\t\t\t\t\t\t\t\t\t\t\t\t\t\t<\/div>\n\t\t\t\t<\/div>\n\t\t\t\t<\/div>\n\t\t<div class=\"elementor-element elementor-element-34969a7 e-con-full e-flex e-con e-child\" data-id=\"34969a7\" data-element_type=\"container\" data-e-type=\"container\">\n\t\t\t\t<div class=\"elementor-element elementor-element-a48f5c6 elementor-widget elementor-widget-heading\" data-id=\"a48f5c6\" data-element_type=\"widget\" data-e-type=\"widget\" data-widget_type=\"heading.default\">\n\t\t\t\t<div class=\"elementor-widget-container\">\n\t\t\t\t\t<h2 class=\"elementor-heading-title elementor-size-default\">SERVICIOS VIP DE CONCIERGE<\/h2>\t\t\t\t<\/div>\n\t\t\t\t<\/div>\n\t\t\t\t<div class=\"elementor-element elementor-element-dd53c29 elementor-widget elementor-widget-text-editor\" data-id=\"dd53c29\" data-element_type=\"widget\" data-e-type=\"widget\" data-widget_type=\"text-editor.default\">\n\t\t\t\t<div class=\"elementor-widget-container\">\n\t\t\t\t\t\t\t\t\t<p class=\"p1\">Los servicios de conserje que podemos ofrecer a los propietarios de bienes inmuebles en Andorra est\u00e1n dise\u00f1ados para hacer m\u00e1s c\u00f3moda, pr\u00e1ctica y placentera su estancia en el pa\u00eds. Estos servicios personalizados no s\u00f3lo abarcan las necesidades b\u00e1sicas de mantenimiento, sino que tambi\u00e9n proporcionan un alto nivel de confort y exclusividad para asegurar que los propietarios tengan una experiencia sin preocupaciones. <\/p>\t\t\t\t\t\t\t\t<\/div>\n\t\t\t\t<\/div>\n\t\t\t\t<div class=\"elementor-element elementor-element-96a6c9d elementor-widget elementor-widget-text-editor\" data-id=\"96a6c9d\" data-element_type=\"widget\" data-e-type=\"widget\" data-widget_type=\"text-editor.default\">\n\t\t\t\t<div class=\"elementor-widget-container\">\n\t\t\t\t\t\t\t\t\t<ul><li class=\"p1\">Gesti\u00f3n personalizada de la propiedad<\/li><li class=\"p1\">Servicios de transporte y log\u00edstica<\/li><li class=\"p1\">Servicios dom\u00e9sticos y de cocina<\/li><li class=\"p1\">Servicios de estilo de vida y entretenimiento<\/li><li class=\"p1\">Servicios de gesti\u00f3n de equipos y personal del hogar<\/li><li class=\"p1\">Asistencia en gestiones personales<\/li><li class=\"p1\">Servicios de bienestar y recreaci\u00f3n<\/li><li class=\"p1\">Servicios de asesoramiento y gesti\u00f3n personalizada<\/li><\/ul>\t\t\t\t\t\t\t\t<\/div>\n\t\t\t\t<\/div>\n\t\t\t\t<\/div>\n\t\t\t\t\t<\/div>\n\t\t\t\t<\/div>\n\t\t<div class=\"elementor-element elementor-element-6d23bb4 e-flex e-con-boxed e-con e-parent\" data-id=\"6d23bb4\" data-element_type=\"container\" data-e-type=\"container\" id=\"NETWORKING\">\n\t\t\t\t\t<div class=\"e-con-inner\">\n\t\t<div class=\"elementor-element elementor-element-37e1000 e-con-full e-flex e-con e-child\" data-id=\"37e1000\" data-element_type=\"container\" data-e-type=\"container\">\n\t\t\t\t<div class=\"elementor-element elementor-element-835689b elementor-widget elementor-widget-image\" data-id=\"835689b\" data-element_type=\"widget\" data-e-type=\"widget\" data-widget_type=\"image.default\">\n\t\t\t\t<div class=\"elementor-widget-container\">\n\t\t\t\t\t\t\t\t\t\t\t\t\t\t\t<img loading=\"lazy\" decoding=\"async\" width=\"800\" height=\"534\" src=\"https:\/\/consultorsimmobiliaris.com\/wp-content\/uploads\/2025\/03\/negocis-1024x683.webp\" class=\"attachment-large size-large wp-image-995\" alt=\"\" srcset=\"https:\/\/consultorsimmobiliaris.com\/wp-content\/uploads\/2025\/03\/negocis-1024x683.webp 1024w, https:\/\/consultorsimmobiliaris.com\/wp-content\/uploads\/2025\/03\/negocis-300x200.webp 300w, https:\/\/consultorsimmobiliaris.com\/wp-content\/uploads\/2025\/03\/negocis-768x512.webp 768w, https:\/\/consultorsimmobiliaris.com\/wp-content\/uploads\/2025\/03\/negocis-1536x1025.webp 1536w, https:\/\/consultorsimmobiliaris.com\/wp-content\/uploads\/2025\/03\/negocis.webp 1920w\" sizes=\"(max-width: 800px) 100vw, 800px\" \/>\t\t\t\t\t\t\t\t\t\t\t\t\t\t\t<\/div>\n\t\t\t\t<\/div>\n\t\t\t\t<\/div>\n\t\t<div class=\"elementor-element elementor-element-421e39e e-con-full e-flex e-con e-child\" data-id=\"421e39e\" data-element_type=\"container\" data-e-type=\"container\">\n\t\t\t\t<div class=\"elementor-element elementor-element-a5b458c elementor-widget elementor-widget-heading\" data-id=\"a5b458c\" data-element_type=\"widget\" data-e-type=\"widget\" data-widget_type=\"heading.default\">\n\t\t\t\t<div class=\"elementor-widget-container\">\n\t\t\t\t\t<h2 class=\"elementor-heading-title elementor-size-default\">NETWORKING EXCLUSIVO<\/h2>\t\t\t\t<\/div>\n\t\t\t\t<\/div>\n\t\t\t\t<div class=\"elementor-element elementor-element-1c580df elementor-widget elementor-widget-text-editor\" data-id=\"1c580df\" data-element_type=\"widget\" data-e-type=\"widget\" data-widget_type=\"text-editor.default\">\n\t\t\t\t<div class=\"elementor-widget-container\">\n\t\t\t\t\t\t\t\t\t<p class=\"p1 default_cursor_cs\">Los servicios exclusivos de networking que podemos ofrecer a los nuevos inversores inmobiliarios en Andorra estar\u00edan dise\u00f1ados para facilitar su integraci\u00f3n en el mercado local, establecer valiosas conexiones y maximizar las oportunidades de inversi\u00f3n. Estos servicios no s\u00f3lo incluir\u00edan la asistencia para encontrar oportunidades de negocio, sino tambi\u00e9n el apoyo en la construcci\u00f3n de una red s\u00f3lida e influyente. <\/p>\t\t\t\t\t\t\t\t<\/div>\n\t\t\t\t<\/div>\n\t\t\t\t<div class=\"elementor-element elementor-element-e6cf2cb elementor-widget elementor-widget-text-editor\" data-id=\"e6cf2cb\" data-element_type=\"widget\" data-e-type=\"widget\" data-widget_type=\"text-editor.default\">\n\t\t\t\t<div class=\"elementor-widget-container\">\n\t\t\t\t\t\t\t\t\t<ul><li class=\"p1\">Accesos exclusivos a eventos de networking inmobiliario<\/li><li class=\"p1\">Conexiones con profesionales locales clave<\/li><li class=\"p1\">Acceso a una plataforma privada de inversi\u00f3n inmobiliaria<\/li><li class=\"p1\">Acompa\u00f1amiento en la b\u00fasqueda de financiaci\u00f3n y acuerdos bancarios<\/li><li class=\"p1\">Acceso a relaciones institucionales y pol\u00edticas locales<\/li><li class=\"p1\">Mentor\u00eda personalizada para inversores inmobiliarios<\/li><li class=\"p1\">Servicios de asesoramiento estrat\u00e9gico para la diversificaci\u00f3n de inversiones<\/li><li class=\"p1\">Acceso a proyectos exclusivos y de gran escala<\/li><li class=\"p1\">Acompa\u00f1amiento en la creaci\u00f3n de relaciones comerciales y con empresas locales<\/li><\/ul>\t\t\t\t\t\t\t\t<\/div>\n\t\t\t\t<\/div>\n\t\t\t\t<\/div>\n\t\t\t\t\t<\/div>\n\t\t\t\t<\/div>\n\t\t<div class=\"elementor-element elementor-element-bcb1d34 e-flex e-con-boxed e-con e-parent\" data-id=\"bcb1d34\" data-element_type=\"container\" data-e-type=\"container\" data-settings=\"{&quot;background_background&quot;:&quot;classic&quot;}\">\n\t\t\t\t\t<div class=\"e-con-inner\">\n\t\t<div class=\"elementor-element elementor-element-e792073 e-con-full e-flex e-con e-child\" data-id=\"e792073\" data-element_type=\"container\" data-e-type=\"container\" data-settings=\"{&quot;background_background&quot;:&quot;classic&quot;}\">\n\t\t<div class=\"elementor-element elementor-element-31a0d4d e-con-full e-flex e-con e-child\" data-id=\"31a0d4d\" data-element_type=\"container\" data-e-type=\"container\">\n\t\t\t\t<div class=\"elementor-element elementor-element-00a337a elementor-widget elementor-widget-heading\" data-id=\"00a337a\" data-element_type=\"widget\" data-e-type=\"widget\" data-widget_type=\"heading.default\">\n\t\t\t\t<div class=\"elementor-widget-container\">\n\t\t\t\t\t<h2 class=\"elementor-heading-title elementor-size-default\">Inicia el tuyo\n Viaje con Nosotros<\/h2>\t\t\t\t<\/div>\n\t\t\t\t<\/div>\n\t\t\t\t<div class=\"elementor-element elementor-element-a4bac12 elementor-widget elementor-widget-text-editor\" data-id=\"a4bac12\" data-element_type=\"widget\" data-e-type=\"widget\" data-widget_type=\"text-editor.default\">\n\t\t\t\t<div class=\"elementor-widget-container\">\n\t\t\t\t\t\t\t\t\t<p>\u00bfQuieres m\u00e1s informaci\u00f3n sobre inversiones exclusivas y ventajas fiscales en Andorra?<\/p>\n<p class=\"default_cursor_cs\">Nuestro equipo de expertos est\u00e1 listo para asesorarte en cada paso del proceso.<\/p>\t\t\t\t\t\t\t\t<\/div>\n\t\t\t\t<\/div>\n\t\t\t\t<\/div>\n\t\t<div class=\"elementor-element elementor-element-55f861e e-con-full e-flex e-con e-child\" data-id=\"55f861e\" data-element_type=\"container\" data-e-type=\"container\">\n\t\t\t\t<div class=\"elementor-element elementor-element-8c2234f elementor-button-align-stretch elementor-widget elementor-widget-form\" data-id=\"8c2234f\" data-element_type=\"widget\" data-e-type=\"widget\" data-settings=\"{&quot;step_next_label&quot;:&quot;Siguiente&quot;,&quot;step_previous_label&quot;:&quot;Anterior&quot;,&quot;button_width&quot;:&quot;100&quot;,&quot;step_type&quot;:&quot;number_text&quot;,&quot;step_icon_shape&quot;:&quot;circle&quot;}\" data-widget_type=\"form.default\">\n\t\t\t\t<div class=\"elementor-widget-container\">\n\t\t\t\t\t\t\t<form class=\"elementor-form\" method=\"post\" name=\"Nuevo formulario\" aria-label=\"Nuevo formulario\">\n\t\t\t<input type=\"hidden\" name=\"post_id\" value=\"1493\"\/>\n\t\t\t<input type=\"hidden\" name=\"form_id\" value=\"8c2234f\"\/>\n\t\t\t<input type=\"hidden\" name=\"referer_title\" value=\"Servicios\" \/>\n\n\t\t\t\t\t\t\t<input type=\"hidden\" name=\"queried_id\" value=\"1493\"\/>\n\t\t\t\n\t\t\t<div class=\"elementor-form-fields-wrapper elementor-labels-\">\n\t\t\t\t\t\t\t\t<div class=\"elementor-field-type-text elementor-field-group elementor-column elementor-field-group-name elementor-col-100\">\n\t\t\t\t\t\t\t\t\t\t\t\t<label for=\"form-field-name\" class=\"elementor-field-label elementor-screen-only\">\n\t\t\t\t\t\t\t\tNombre\t\t\t\t\t\t\t<\/label>\n\t\t\t\t\t\t\t\t\t\t\t\t\t\t<input size=\"1\" type=\"text\" name=\"form_fields[name]\" id=\"form-field-name\" class=\"elementor-field elementor-size-sm  elementor-field-textual\" placeholder=\"Nombre y Apellido\">\n\t\t\t\t\t\t\t\t\t\t\t<\/div>\n\t\t\t\t\t\t\t\t<div class=\"elementor-field-type-tel elementor-field-group elementor-column elementor-field-group-field_6aad930 elementor-col-100\">\n\t\t\t\t\t\t\t\t\t\t\t\t<label for=\"form-field-field_6aad930\" class=\"elementor-field-label elementor-screen-only\">\n\t\t\t\t\t\t\t\ttel\t\t\t\t\t\t\t<\/label>\n\t\t\t\t\t\t\t\t<input size=\"1\" type=\"tel\" name=\"form_fields[field_6aad930]\" id=\"form-field-field_6aad930\" class=\"elementor-field elementor-size-sm  elementor-field-textual\" placeholder=\"Tel\u00e9fono\" pattern=\"[0-9()#&amp;+*-=.]+\" title=\"Solo se aceptan n\u00fameros y caracteres de tel\u00e9fono (#,-,*,etc).\">\n\n\t\t\t\t\t\t<\/div>\n\t\t\t\t\t\t\t\t<div class=\"elementor-field-type-email elementor-field-group elementor-column elementor-field-group-email elementor-col-100 elementor-field-required\">\n\t\t\t\t\t\t\t\t\t\t\t\t<label for=\"form-field-email\" class=\"elementor-field-label elementor-screen-only\">\n\t\t\t\t\t\t\t\tCorreo electr\u00f3nico\t\t\t\t\t\t\t<\/label>\n\t\t\t\t\t\t\t\t\t\t\t\t\t\t<input size=\"1\" type=\"email\" name=\"form_fields[email]\" id=\"form-field-email\" class=\"elementor-field elementor-size-sm  elementor-field-textual\" placeholder=\"Correo electr\u00f3nico\" required=\"required\">\n\t\t\t\t\t\t\t\t\t\t\t<\/div>\n\t\t\t\t\t\t\t\t<div class=\"elementor-field-type-textarea elementor-field-group elementor-column elementor-field-group-message elementor-col-100\">\n\t\t\t\t\t\t\t\t\t\t\t\t<label for=\"form-field-message\" class=\"elementor-field-label elementor-screen-only\">\n\t\t\t\t\t\t\t\tMensaje\t\t\t\t\t\t\t<\/label>\n\t\t\t\t\t\t<textarea class=\"elementor-field-textual elementor-field  elementor-size-sm\" name=\"form_fields[message]\" id=\"form-field-message\" rows=\"4\" placeholder=\"Mensaje\"><\/textarea>\t\t\t\t<\/div>\n\t\t\t\t\t\t\t\t<div class=\"elementor-field-type-recaptcha_v3 elementor-field-group elementor-column elementor-field-group-field_ca9dab9 elementor-col-100 recaptcha_v3-inline\">\n\t\t\t\t\t<div class=\"elementor-field\" id=\"form-field-field_ca9dab9\"><div class=\"elementor-g-recaptcha\" data-sitekey=\"6LfJu_4qAAAAABAp6WKgfhSok7PJJGeZo0UO-JDB\" data-type=\"v3\" data-action=\"Form\" data-badge=\"inline\" data-size=\"invisible\"><\/div><\/div>\t\t\t\t<\/div>\n\t\t\t\t\t\t\t\t<div class=\"elementor-field-group elementor-column elementor-field-type-submit elementor-col-100 e-form__buttons\">\n\t\t\t\t\t<button class=\"elementor-button elementor-size-sm\" type=\"submit\">\n\t\t\t\t\t\t<span class=\"elementor-button-content-wrapper\">\n\t\t\t\t\t\t\t\t\t\t\t\t\t\t\t\t\t\t\t\t\t\t<span class=\"elementor-button-text\">Enviar<\/span>\n\t\t\t\t\t\t\t\t\t\t\t\t\t<\/span>\n\t\t\t\t\t<\/button>\n\t\t\t\t<\/div>\n\t\t\t<\/div>\n\t\t<\/form>\n\t\t\t\t\t\t<\/div>\n\t\t\t\t<\/div>\n\t\t\t\t<\/div>\n\t\t\t\t<\/div>\n\t\t\t\t\t<\/div>\n\t\t\t\t<\/div>\n\t\t\t\t<\/div>\n\t\t","protected":false},"excerpt":{"rendered":"<p>Te asesoramos en cada paso para que encuentres la propiedad ideal, con espacios adaptados para crear contenido y vivir con total comodidad. Discreci\u00f3n, gesti\u00f3n integral y acceso a las mejores inversiones del mercado. Goza de un entorno seguro, con conexiones internacionales y una calidad de vida incomparable.  <\/p>\n","protected":false},"author":1,"featured_media":983,"parent":0,"menu_order":0,"comment_status":"closed","ping_status":"closed","template":"","meta":{"_acf_changed":false,"footnotes":""},"class_list":["post-1493","page","type-page","status-publish","has-post-thumbnail","hentry"],"acf":[],"_links":{"self":[{"href":"https:\/\/consultorsimmobiliaris.com\/es\/wp-json\/wp\/v2\/pages\/1493","targetHints":{"allow":["GET"]}}],"collection":[{"href":"https:\/\/consultorsimmobiliaris.com\/es\/wp-json\/wp\/v2\/pages"}],"about":[{"href":"https:\/\/consultorsimmobiliaris.com\/es\/wp-json\/wp\/v2\/types\/page"}],"author":[{"embeddable":true,"href":"https:\/\/consultorsimmobiliaris.com\/es\/wp-json\/wp\/v2\/users\/1"}],"replies":[{"embeddable":true,"href":"https:\/\/consultorsimmobiliaris.com\/es\/wp-json\/wp\/v2\/comments?post=1493"}],"version-history":[{"count":7,"href":"https:\/\/consultorsimmobiliaris.com\/es\/wp-json\/wp\/v2\/pages\/1493\/revisions"}],"predecessor-version":[{"id":2382,"href":"https:\/\/consultorsimmobiliaris.com\/es\/wp-json\/wp\/v2\/pages\/1493\/revisions\/2382"}],"wp:featuredmedia":[{"embeddable":true,"href":"https:\/\/consultorsimmobiliaris.com\/es\/wp-json\/wp\/v2\/media\/983"}],"wp:attachment":[{"href":"https:\/\/consultorsimmobiliaris.com\/es\/wp-json\/wp\/v2\/media?parent=1493"}],"curies":[{"name":"wp","href":"https:\/\/api.w.org\/{rel}","templated":true}]}}