{"id":1460,"date":"2025-03-12T10:31:30","date_gmt":"2025-03-12T09:31:30","guid":{"rendered":"https:\/\/consultorsimmobiliaris.com\/nouvelles\/"},"modified":"2025-06-02T12:49:37","modified_gmt":"2025-06-02T10:49:37","slug":"actualites","status":"publish","type":"page","link":"https:\/\/consultorsimmobiliaris.com\/fr\/actualites\/","title":{"rendered":"Nouvelles"},"content":{"rendered":"\t\t<div data-elementor-type=\"wp-page\" data-elementor-id=\"1460\" class=\"elementor elementor-1460 elementor-380\" data-elementor-post-type=\"page\">\n\t\t\t\t<div class=\"elementor-element elementor-element-5a411ff e-con-full e-flex e-con e-parent\" data-id=\"5a411ff\" data-element_type=\"container\" data-e-type=\"container\">\n\t\t\t\t<div class=\"elementor-element elementor-element-a8ea35f elementor-widget__width-inherit elementor-widget elementor-widget-image\" data-id=\"a8ea35f\" data-element_type=\"widget\" data-e-type=\"widget\" data-widget_type=\"image.default\">\n\t\t\t\t<div class=\"elementor-widget-container\">\n\t\t\t\t\t\t\t\t\t\t\t\t\t\t\t<img fetchpriority=\"high\" decoding=\"async\" width=\"1280\" height=\"853\" src=\"https:\/\/consultorsimmobiliaris.com\/wp-content\/uploads\/2025\/03\/news.webp\" class=\"attachment-full size-full wp-image-979\" alt=\"\" srcset=\"https:\/\/consultorsimmobiliaris.com\/wp-content\/uploads\/2025\/03\/news.webp 1280w, https:\/\/consultorsimmobiliaris.com\/wp-content\/uploads\/2025\/03\/news-300x200.webp 300w, https:\/\/consultorsimmobiliaris.com\/wp-content\/uploads\/2025\/03\/news-1024x682.webp 1024w, https:\/\/consultorsimmobiliaris.com\/wp-content\/uploads\/2025\/03\/news-768x512.webp 768w\" sizes=\"(max-width: 1280px) 100vw, 1280px\" \/>\t\t\t\t\t\t\t\t\t\t\t\t\t\t\t<\/div>\n\t\t\t\t<\/div>\n\t\t\t\t<\/div>\n\t\t<div class=\"elementor-element elementor-element-aeddc7b e-flex e-con-boxed e-con e-parent\" data-id=\"aeddc7b\" data-element_type=\"container\" data-e-type=\"container\">\n\t\t\t\t\t<div class=\"e-con-inner\">\n\t\t<div class=\"elementor-element elementor-element-2b32ab6 e-con-full e-flex e-con e-child\" data-id=\"2b32ab6\" data-element_type=\"container\" data-e-type=\"container\">\n\t\t\t\t<div class=\"elementor-element elementor-element-6373d5c elementor-widget__width-initial elementor-widget elementor-widget-heading\" data-id=\"6373d5c\" data-element_type=\"widget\" data-e-type=\"widget\" data-widget_type=\"heading.default\">\n\t\t\t\t<div class=\"elementor-widget-container\">\n\t\t\t\t\t<h2 class=\"elementor-heading-title elementor-size-default\">  Actualit\u00e9s et tendances\n Agences immobili\u00e8res<\/h2>\t\t\t\t<\/div>\n\t\t\t\t<\/div>\n\t\t\t\t<\/div>\n\t\t\t\t\t<\/div>\n\t\t\t\t<\/div>\n\t\t<div class=\"elementor-element elementor-element-672bb4c e-flex e-con-boxed e-con e-parent\" data-id=\"672bb4c\" data-element_type=\"container\" data-e-type=\"container\">\n\t\t\t\t\t<div class=\"e-con-inner\">\n\t\t\t\t<div class=\"elementor-element elementor-element-9d38126 elementor-grid-3 elementor-grid-tablet-2 elementor-grid-mobile-1 elementor-widget elementor-widget-loop-grid\" data-id=\"9d38126\" data-element_type=\"widget\" data-e-type=\"widget\" data-settings=\"{&quot;template_id&quot;:1586,&quot;_skin&quot;:&quot;post&quot;,&quot;columns&quot;:&quot;3&quot;,&quot;columns_tablet&quot;:&quot;2&quot;,&quot;columns_mobile&quot;:&quot;1&quot;,&quot;edit_handle_selector&quot;:&quot;[data-elementor-type=\\&quot;loop-item\\&quot;]&quot;,&quot;row_gap&quot;:{&quot;unit&quot;:&quot;px&quot;,&quot;size&quot;:&quot;&quot;,&quot;sizes&quot;:[]},&quot;row_gap_tablet&quot;:{&quot;unit&quot;:&quot;px&quot;,&quot;size&quot;:&quot;&quot;,&quot;sizes&quot;:[]},&quot;row_gap_mobile&quot;:{&quot;unit&quot;:&quot;px&quot;,&quot;size&quot;:&quot;&quot;,&quot;sizes&quot;:[]}}\" data-widget_type=\"loop-grid.post\">\n\t\t\t\t<div class=\"elementor-widget-container\">\n\t\t\t\t\t\t\t<div class=\"elementor-loop-container elementor-grid\" role=\"list\">\n\t\t<style id=\"loop-1586\">.elementor-1586 .elementor-element.elementor-element-820de95{--display:flex;--gap:0px 0px;--row-gap:0px;--column-gap:0px;}.elementor-widget-theme-post-featured-image .widget-image-caption{color:var( --e-global-color-text );font-family:var( --e-global-typography-text-font-family ), Sans-serif;font-weight:var( --e-global-typography-text-font-weight );}.elementor-1586 .elementor-element.elementor-element-bcb80b4 img{width:25vw;max-width:100%;height:186px;object-fit:cover;object-position:center center;border-radius:20px 20px 20px 20px;}.elementor-widget-theme-post-title .elementor-heading-title{font-family:var( --e-global-typography-primary-font-family ), Sans-serif;font-weight:var( --e-global-typography-primary-font-weight );color:var( --e-global-color-primary );}.elementor-1586 .elementor-element.elementor-element-034b611 .elementor-heading-title{font-family:\"Montserrat\", Sans-serif;font-size:20px;font-weight:600;text-transform:uppercase;-webkit-text-stroke-color:#000;stroke:#000;}.elementor-1586 .elementor-element.elementor-element-034b611 > .elementor-widget-container{padding:20px 0px 0px 0px;}.elementor-widget-theme-post-excerpt .elementor-widget-container{font-family:var( --e-global-typography-text-font-family ), Sans-serif;font-weight:var( --e-global-typography-text-font-weight );color:var( --e-global-color-text );}.elementor-1586 .elementor-element.elementor-element-3177668 .elementor-widget-container{font-family:\"Montserrat\", Sans-serif;font-weight:500;color:#9C9C9C;}.elementor-1586 .elementor-element.elementor-element-3177668 > .elementor-widget-container{padding:10px 0px 0px 0px;}@media(max-width:767px){.elementor-1586 .elementor-element.elementor-element-bcb80b4 img{width:85vw;}}<\/style>\t\t<div data-elementor-type=\"loop-item\" data-elementor-id=\"1586\" class=\"elementor elementor-1586 elementor-303 elementor-303 e-loop-item e-loop-item-1546 post-1546 post type-post status-publish format-standard has-post-thumbnail hentry category-information\" data-elementor-post-type=\"elementor_library\" data-custom-edit-handle=\"1\">\n\t\t\t<div class=\"elementor-element elementor-element-820de95 e-flex e-con-boxed e-con e-parent\" data-id=\"820de95\" data-element_type=\"container\" data-e-type=\"container\">\n\t\t\t\t\t<div class=\"e-con-inner\">\n\t\t\t\t<div class=\"elementor-element elementor-element-bcb80b4 elementor-widget elementor-widget-theme-post-featured-image elementor-widget-image\" data-id=\"bcb80b4\" data-element_type=\"widget\" data-e-type=\"widget\" data-widget_type=\"theme-post-featured-image.default\">\n\t\t\t\t<div class=\"elementor-widget-container\">\n\t\t\t\t\t\t\t\t\t\t\t\t\t\t\t\t<a href=\"https:\/\/consultorsimmobiliaris.com\/fr\/loffre-immobiliere-dandorre\/\">\n\t\t\t\t\t\t\t<img decoding=\"async\" width=\"800\" height=\"534\" src=\"https:\/\/consultorsimmobiliaris.com\/wp-content\/uploads\/2025\/03\/ofertaimmo-1024x684.jpg\" class=\"attachment-large size-large wp-image-1003\" alt=\"\" srcset=\"https:\/\/consultorsimmobiliaris.com\/wp-content\/uploads\/2025\/03\/ofertaimmo-1024x684.jpg 1024w, https:\/\/consultorsimmobiliaris.com\/wp-content\/uploads\/2025\/03\/ofertaimmo-300x200.jpg 300w, https:\/\/consultorsimmobiliaris.com\/wp-content\/uploads\/2025\/03\/ofertaimmo-768x513.jpg 768w, https:\/\/consultorsimmobiliaris.com\/wp-content\/uploads\/2025\/03\/ofertaimmo-1536x1025.jpg 1536w, https:\/\/consultorsimmobiliaris.com\/wp-content\/uploads\/2025\/03\/ofertaimmo.jpg 2000w\" sizes=\"(max-width: 800px) 100vw, 800px\" \/>\t\t\t\t\t\t\t\t<\/a>\n\t\t\t\t\t\t\t\t\t\t\t\t\t\t\t<\/div>\n\t\t\t\t<\/div>\n\t\t\t\t<div class=\"elementor-element elementor-element-034b611 elementor-widget elementor-widget-theme-post-title elementor-page-title elementor-widget-heading\" data-id=\"034b611\" data-element_type=\"widget\" data-e-type=\"widget\" data-widget_type=\"theme-post-title.default\">\n\t\t\t\t<div class=\"elementor-widget-container\">\n\t\t\t\t\t<h1 class=\"elementor-heading-title elementor-size-default\"><a href=\"https:\/\/consultorsimmobiliaris.com\/fr\/loffre-immobiliere-dandorre\/\">L&rsquo;offre immobili\u00e8re attractive d&rsquo;Andorre<\/a><\/h1>\t\t\t\t<\/div>\n\t\t\t\t<\/div>\n\t\t\t\t<div class=\"elementor-element elementor-element-3177668 elementor-widget elementor-widget-theme-post-excerpt\" data-id=\"3177668\" data-element_type=\"widget\" data-e-type=\"widget\" data-widget_type=\"theme-post-excerpt.default\">\n\t\t\t\t<div class=\"elementor-widget-container\">\n\t\t\t\t\tL'immobilier et le style de vie se rejoignent\t\t\t\t<\/div>\n\t\t\t\t<\/div>\n\t\t\t\t\t<\/div>\n\t\t\t\t<\/div>\n\t\t\t\t<\/div>\n\t\t\t\t<div data-elementor-type=\"loop-item\" data-elementor-id=\"1586\" class=\"elementor elementor-1586 elementor-303 elementor-303 e-loop-item e-loop-item-1506 post-1506 post type-post status-publish format-standard has-post-thumbnail hentry category-information\" data-elementor-post-type=\"elementor_library\" data-custom-edit-handle=\"1\">\n\t\t\t<div class=\"elementor-element elementor-element-820de95 e-flex e-con-boxed e-con e-parent\" data-id=\"820de95\" data-element_type=\"container\" data-e-type=\"container\">\n\t\t\t\t\t<div class=\"e-con-inner\">\n\t\t\t\t<div class=\"elementor-element elementor-element-bcb80b4 elementor-widget elementor-widget-theme-post-featured-image elementor-widget-image\" data-id=\"bcb80b4\" data-element_type=\"widget\" data-e-type=\"widget\" data-widget_type=\"theme-post-featured-image.default\">\n\t\t\t\t<div class=\"elementor-widget-container\">\n\t\t\t\t\t\t\t\t\t\t\t\t\t\t\t\t<a href=\"https:\/\/consultorsimmobiliaris.com\/fr\/andorre-un-pays-a-leconomie-en-croissance\/\">\n\t\t\t\t\t\t\t<img decoding=\"async\" width=\"800\" height=\"533\" src=\"https:\/\/consultorsimmobiliaris.com\/wp-content\/uploads\/2025\/03\/economia-creixent-1024x682.jpg\" class=\"attachment-large size-large wp-image-1006\" alt=\"\" srcset=\"https:\/\/consultorsimmobiliaris.com\/wp-content\/uploads\/2025\/03\/economia-creixent-1024x682.jpg 1024w, https:\/\/consultorsimmobiliaris.com\/wp-content\/uploads\/2025\/03\/economia-creixent-300x200.jpg 300w, https:\/\/consultorsimmobiliaris.com\/wp-content\/uploads\/2025\/03\/economia-creixent-768x512.jpg 768w, https:\/\/consultorsimmobiliaris.com\/wp-content\/uploads\/2025\/03\/economia-creixent.jpg 1280w\" sizes=\"(max-width: 800px) 100vw, 800px\" \/>\t\t\t\t\t\t\t\t<\/a>\n\t\t\t\t\t\t\t\t\t\t\t\t\t\t\t<\/div>\n\t\t\t\t<\/div>\n\t\t\t\t<div class=\"elementor-element elementor-element-034b611 elementor-widget elementor-widget-theme-post-title elementor-page-title elementor-widget-heading\" data-id=\"034b611\" data-element_type=\"widget\" data-e-type=\"widget\" data-widget_type=\"theme-post-title.default\">\n\t\t\t\t<div class=\"elementor-widget-container\">\n\t\t\t\t\t<h1 class=\"elementor-heading-title elementor-size-default\"><a href=\"https:\/\/consultorsimmobiliaris.com\/fr\/andorre-un-pays-a-leconomie-en-croissance\/\">Andorre, un pays \u00e0 l&rsquo;\u00e9conomie en croissance<\/a><\/h1>\t\t\t\t<\/div>\n\t\t\t\t<\/div>\n\t\t\t\t<div class=\"elementor-element elementor-element-3177668 elementor-widget elementor-widget-theme-post-excerpt\" data-id=\"3177668\" data-element_type=\"widget\" data-e-type=\"widget\" data-widget_type=\"theme-post-excerpt.default\">\n\t\t\t\t<div class=\"elementor-widget-container\">\n\t\t\t\t\tL\u00e0 o\u00f9 l'opportunit\u00e9 et la prosp\u00e9rit\u00e9 se rencontrent\t\t\t\t<\/div>\n\t\t\t\t<\/div>\n\t\t\t\t\t<\/div>\n\t\t\t\t<\/div>\n\t\t\t\t<\/div>\n\t\t\t\t<div data-elementor-type=\"loop-item\" data-elementor-id=\"1586\" class=\"elementor elementor-1586 elementor-303 elementor-303 e-loop-item e-loop-item-1510 post-1510 post type-post status-publish format-standard has-post-thumbnail hentry category-information\" data-elementor-post-type=\"elementor_library\" data-custom-edit-handle=\"1\">\n\t\t\t<div class=\"elementor-element elementor-element-820de95 e-flex e-con-boxed e-con e-parent\" data-id=\"820de95\" data-element_type=\"container\" data-e-type=\"container\">\n\t\t\t\t\t<div class=\"e-con-inner\">\n\t\t\t\t<div class=\"elementor-element elementor-element-bcb80b4 elementor-widget elementor-widget-theme-post-featured-image elementor-widget-image\" data-id=\"bcb80b4\" data-element_type=\"widget\" data-e-type=\"widget\" data-widget_type=\"theme-post-featured-image.default\">\n\t\t\t\t<div class=\"elementor-widget-container\">\n\t\t\t\t\t\t\t\t\t\t\t\t\t\t\t\t<a href=\"https:\/\/consultorsimmobiliaris.com\/fr\/la-principaute-dandorre-et-sa-fiscalite-avantageuse\/\">\n\t\t\t\t\t\t\t<img loading=\"lazy\" decoding=\"async\" width=\"800\" height=\"800\" src=\"https:\/\/consultorsimmobiliaris.com\/wp-content\/uploads\/2025\/03\/ventaja-fiscal.jpg\" class=\"attachment-large size-large wp-image-1012\" alt=\"\" srcset=\"https:\/\/consultorsimmobiliaris.com\/wp-content\/uploads\/2025\/03\/ventaja-fiscal.jpg 1024w, https:\/\/consultorsimmobiliaris.com\/wp-content\/uploads\/2025\/03\/ventaja-fiscal-300x300.jpg 300w, https:\/\/consultorsimmobiliaris.com\/wp-content\/uploads\/2025\/03\/ventaja-fiscal-150x150.jpg 150w, https:\/\/consultorsimmobiliaris.com\/wp-content\/uploads\/2025\/03\/ventaja-fiscal-768x768.jpg 768w\" sizes=\"(max-width: 800px) 100vw, 800px\" \/>\t\t\t\t\t\t\t\t<\/a>\n\t\t\t\t\t\t\t\t\t\t\t\t\t\t\t<\/div>\n\t\t\t\t<\/div>\n\t\t\t\t<div class=\"elementor-element elementor-element-034b611 elementor-widget elementor-widget-theme-post-title elementor-page-title elementor-widget-heading\" data-id=\"034b611\" data-element_type=\"widget\" data-e-type=\"widget\" data-widget_type=\"theme-post-title.default\">\n\t\t\t\t<div class=\"elementor-widget-container\">\n\t\t\t\t\t<h1 class=\"elementor-heading-title elementor-size-default\"><a href=\"https:\/\/consultorsimmobiliaris.com\/fr\/la-principaute-dandorre-et-sa-fiscalite-avantageuse\/\">La Principaut\u00e9 d&rsquo;Andorre et sa fiscalit\u00e9 avantageuse<\/a><\/h1>\t\t\t\t<\/div>\n\t\t\t\t<\/div>\n\t\t\t\t<div class=\"elementor-element elementor-element-3177668 elementor-widget elementor-widget-theme-post-excerpt\" data-id=\"3177668\" data-element_type=\"widget\" data-e-type=\"widget\" data-widget_type=\"theme-post-excerpt.default\">\n\t\t\t\t<div class=\"elementor-widget-container\">\n\t\t\t\t\tAndorre : l'\u00e9quilibre parfait entre fiscalit\u00e9 et qualit\u00e9 de vie\t\t\t\t<\/div>\n\t\t\t\t<\/div>\n\t\t\t\t\t<\/div>\n\t\t\t\t<\/div>\n\t\t\t\t<\/div>\n\t\t\t\t<div data-elementor-type=\"loop-item\" data-elementor-id=\"1586\" class=\"elementor elementor-1586 elementor-303 elementor-303 e-loop-item e-loop-item-1512 post-1512 post type-post status-publish format-standard has-post-thumbnail hentry category-information\" data-elementor-post-type=\"elementor_library\" data-custom-edit-handle=\"1\">\n\t\t\t<div class=\"elementor-element elementor-element-820de95 e-flex e-con-boxed e-con e-parent\" data-id=\"820de95\" data-element_type=\"container\" data-e-type=\"container\">\n\t\t\t\t\t<div class=\"e-con-inner\">\n\t\t\t\t<div class=\"elementor-element elementor-element-bcb80b4 elementor-widget elementor-widget-theme-post-featured-image elementor-widget-image\" data-id=\"bcb80b4\" data-element_type=\"widget\" data-e-type=\"widget\" data-widget_type=\"theme-post-featured-image.default\">\n\t\t\t\t<div class=\"elementor-widget-container\">\n\t\t\t\t\t\t\t\t\t\t\t\t\t\t\t\t<a href=\"https:\/\/consultorsimmobiliaris.com\/fr\/pourquoi-vivre-en-andorre-decouvrez-tous-les-avantages\/\">\n\t\t\t\t\t\t\t<img loading=\"lazy\" decoding=\"async\" width=\"800\" height=\"598\" src=\"https:\/\/consultorsimmobiliaris.com\/wp-content\/uploads\/2025\/03\/andorra-1024x766.jpg\" class=\"attachment-large size-large wp-image-1009\" alt=\"\" srcset=\"https:\/\/consultorsimmobiliaris.com\/wp-content\/uploads\/2025\/03\/andorra-1024x766.jpg 1024w, https:\/\/consultorsimmobiliaris.com\/wp-content\/uploads\/2025\/03\/andorra-300x225.jpg 300w, https:\/\/consultorsimmobiliaris.com\/wp-content\/uploads\/2025\/03\/andorra-768x575.jpg 768w, https:\/\/consultorsimmobiliaris.com\/wp-content\/uploads\/2025\/03\/andorra-1536x1150.jpg 1536w, https:\/\/consultorsimmobiliaris.com\/wp-content\/uploads\/2025\/03\/andorra-2048x1533.jpg 2048w\" sizes=\"(max-width: 800px) 100vw, 800px\" \/>\t\t\t\t\t\t\t\t<\/a>\n\t\t\t\t\t\t\t\t\t\t\t\t\t\t\t<\/div>\n\t\t\t\t<\/div>\n\t\t\t\t<div class=\"elementor-element elementor-element-034b611 elementor-widget elementor-widget-theme-post-title elementor-page-title elementor-widget-heading\" data-id=\"034b611\" data-element_type=\"widget\" data-e-type=\"widget\" data-widget_type=\"theme-post-title.default\">\n\t\t\t\t<div class=\"elementor-widget-container\">\n\t\t\t\t\t<h1 class=\"elementor-heading-title elementor-size-default\"><a href=\"https:\/\/consultorsimmobiliaris.com\/fr\/pourquoi-vivre-en-andorre-decouvrez-tous-les-avantages\/\">Pourquoi vivre en Andorre ? D\u00e9couvrez tous les avantages<\/a><\/h1>\t\t\t\t<\/div>\n\t\t\t\t<\/div>\n\t\t\t\t<div class=\"elementor-element elementor-element-3177668 elementor-widget elementor-widget-theme-post-excerpt\" data-id=\"3177668\" data-element_type=\"widget\" data-e-type=\"widget\" data-widget_type=\"theme-post-excerpt.default\">\n\t\t\t\t<div class=\"elementor-widget-container\">\n\t\t\t\t\tInstallez-vous en Andorre : votre avenir commence ici\t\t\t\t<\/div>\n\t\t\t\t<\/div>\n\t\t\t\t\t<\/div>\n\t\t\t\t<\/div>\n\t\t\t\t<\/div>\n\t\t\t\t<\/div>\n\t\t\n\t\t\t\t\t\t<\/div>\n\t\t\t\t<\/div>\n\t\t\t\t\t<\/div>\n\t\t\t\t<\/div>\n\t\t\t\t<\/div>\n\t\t","protected":false},"excerpt":{"rendered":"<p>D\u00e9couvrez toutes les derni\u00e8res actualit\u00e9s et tendances immobili\u00e8res en Principaut\u00e9 d&rsquo;Andorre<\/p>\n","protected":false},"author":1,"featured_media":979,"parent":0,"menu_order":0,"comment_status":"closed","ping_status":"closed","template":"","meta":{"_acf_changed":false,"footnotes":""},"class_list":["post-1460","page","type-page","status-publish","has-post-thumbnail","hentry"],"acf":[],"_links":{"self":[{"href":"https:\/\/consultorsimmobiliaris.com\/fr\/wp-json\/wp\/v2\/pages\/1460","targetHints":{"allow":["GET"]}}],"collection":[{"href":"https:\/\/consultorsimmobiliaris.com\/fr\/wp-json\/wp\/v2\/pages"}],"about":[{"href":"https:\/\/consultorsimmobiliaris.com\/fr\/wp-json\/wp\/v2\/types\/page"}],"author":[{"embeddable":true,"href":"https:\/\/consultorsimmobiliaris.com\/fr\/wp-json\/wp\/v2\/users\/1"}],"replies":[{"embeddable":true,"href":"https:\/\/consultorsimmobiliaris.com\/fr\/wp-json\/wp\/v2\/comments?post=1460"}],"version-history":[{"count":10,"href":"https:\/\/consultorsimmobiliaris.com\/fr\/wp-json\/wp\/v2\/pages\/1460\/revisions"}],"predecessor-version":[{"id":1964,"href":"https:\/\/consultorsimmobiliaris.com\/fr\/wp-json\/wp\/v2\/pages\/1460\/revisions\/1964"}],"wp:featuredmedia":[{"embeddable":true,"href":"https:\/\/consultorsimmobiliaris.com\/fr\/wp-json\/wp\/v2\/media\/979"}],"wp:attachment":[{"href":"https:\/\/consultorsimmobiliaris.com\/fr\/wp-json\/wp\/v2\/media?parent=1460"}],"curies":[{"name":"wp","href":"https:\/\/api.w.org\/{rel}","templated":true}]}}