{"id":1469,"date":"2025-03-10T21:59:34","date_gmt":"2025-03-10T20:59:34","guid":{"rendered":"https:\/\/consultorsimmobiliaris.com\/politique-de-confidentialite\/"},"modified":"2025-06-02T12:49:24","modified_gmt":"2025-06-02T10:49:24","slug":"politique-de-confidentialite","status":"publish","type":"page","link":"https:\/\/consultorsimmobiliaris.com\/fr\/politique-de-confidentialite\/","title":{"rendered":"Politique de confidentialit\u00e9"},"content":{"rendered":"\t\t<div data-elementor-type=\"wp-page\" data-elementor-id=\"1469\" class=\"elementor elementor-1469 elementor-3\" data-elementor-post-type=\"page\">\n\t\t\t\t<div class=\"elementor-element elementor-element-05dbe67 e-con-full e-flex e-con e-parent\" data-id=\"05dbe67\" data-element_type=\"container\" data-e-type=\"container\">\n\t\t\t\t<div class=\"elementor-element elementor-element-6d7a1f0 elementor-widget__width-inherit elementor-widget elementor-widget-image\" data-id=\"6d7a1f0\" data-element_type=\"widget\" data-e-type=\"widget\" data-widget_type=\"image.default\">\n\t\t\t\t<div class=\"elementor-widget-container\">\n\t\t\t\t\t\t\t\t\t\t\t\t\t\t\t<img fetchpriority=\"high\" decoding=\"async\" width=\"2560\" height=\"1514\" src=\"https:\/\/consultorsimmobiliaris.com\/wp-content\/uploads\/2025\/03\/politica-scaled.webp\" class=\"attachment-full size-full wp-image-1339\" alt=\"\" srcset=\"https:\/\/consultorsimmobiliaris.com\/wp-content\/uploads\/2025\/03\/politica-scaled.webp 2560w, https:\/\/consultorsimmobiliaris.com\/wp-content\/uploads\/2025\/03\/politica-300x177.webp 300w, https:\/\/consultorsimmobiliaris.com\/wp-content\/uploads\/2025\/03\/politica-1024x605.webp 1024w, https:\/\/consultorsimmobiliaris.com\/wp-content\/uploads\/2025\/03\/politica-768x454.webp 768w, https:\/\/consultorsimmobiliaris.com\/wp-content\/uploads\/2025\/03\/politica-1536x908.webp 1536w, https:\/\/consultorsimmobiliaris.com\/wp-content\/uploads\/2025\/03\/politica-2048x1211.webp 2048w\" sizes=\"(max-width: 2560px) 100vw, 2560px\" \/>\t\t\t\t\t\t\t\t\t\t\t\t\t\t\t<\/div>\n\t\t\t\t<\/div>\n\t\t\t\t<\/div>\n\t\t<div class=\"elementor-element elementor-element-08630b2 e-flex e-con-boxed e-con e-parent\" data-id=\"08630b2\" data-element_type=\"container\" data-e-type=\"container\">\n\t\t\t\t\t<div class=\"e-con-inner\">\n\t\t\t\t<div class=\"elementor-element elementor-element-be1b228 elementor-widget elementor-widget-heading\" data-id=\"be1b228\" data-element_type=\"widget\" data-e-type=\"widget\" data-widget_type=\"heading.default\">\n\t\t\t\t<div class=\"elementor-widget-container\">\n\t\t\t\t\t<h2 class=\"elementor-heading-title elementor-size-default\">POLITIQUE DE CONFIDENTIALIT\u00c9 ET DE PROTECTION DES DONN\u00c9ES\n DONN\u00c9ES<\/h2>\t\t\t\t<\/div>\n\t\t\t\t<\/div>\n\t\t\t\t<div class=\"elementor-element elementor-element-f2e1606 elementor-widget elementor-widget-heading\" data-id=\"f2e1606\" data-element_type=\"widget\" data-e-type=\"widget\" data-widget_type=\"heading.default\">\n\t\t\t\t<div class=\"elementor-widget-container\">\n\t\t\t\t\t<h2 class=\"elementor-heading-title elementor-size-default\">Chez Consultors Immobiliaris, dont le si\u00e8ge est C\/ Constituci\u00f3, 13 \u00b7 salle 1, rez-de-chauss\u00e9e \u2013 AD700 Escaldes-\n Engordany, nous nous engageons fermement \u00e0 prot\u00e9ger la confidentialit\u00e9 et la confidentialit\u00e9 des donn\u00e9es\n donn\u00e9es personnelles de nos clients, collaborateurs et utilisateurs, conform\u00e9ment aux dispositions de la loi 29\/2021,\n du 28 octobre, qualifi\u00e9e de protection des donn\u00e9es personnelles.<\/h2>\t\t\t\t<\/div>\n\t\t\t\t<\/div>\n\t\t\t\t<div class=\"elementor-element elementor-element-e77819d elementor-widget elementor-widget-heading\" data-id=\"e77819d\" data-element_type=\"widget\" data-e-type=\"widget\" data-widget_type=\"heading.default\">\n\t\t\t\t<div class=\"elementor-widget-container\">\n\t\t\t\t\t<h2 class=\"elementor-heading-title elementor-size-default\">DONN\u00c9ES DU RESPONSABLE DU TRAITEMENT<\/h2>\t\t\t\t<\/div>\n\t\t\t\t<\/div>\n\t\t\t\t<div class=\"elementor-element elementor-element-d5fde7e elementor-widget elementor-widget-text-editor\" data-id=\"d5fde7e\" data-element_type=\"widget\" data-e-type=\"widget\" data-widget_type=\"text-editor.default\">\n\t\t\t\t<div class=\"elementor-widget-container\">\n\t\t\t\t\t\t\t\t\t<p class=\"p1\"><b>\u2022 Responsable<\/b> : Consultants immobiliers<\/p><p class=\"p1\"><b>\u2022 Adresse<\/b> : C\/ Constituci\u00f3, 13 \u00b7 salle 1, rez-de-chauss\u00e9e \u2013 AD700 Escaldes-Engordany<\/p><p class=\"p1\"><b>\u2022 Num\u00e9ro de t\u00e9l\u00e9phone de contact<\/b> : +376 650 682<\/p><p class=\"p1\"><b>\u2022 Courriel<\/b> : info@consultorsimmobiliaris.com<\/p><p class=\"p1\"><b>\u2022 D\u00e9l\u00e9gu\u00e9 \u00e0 la protection des donn\u00e9es\/Data Protection Officer<\/b> :<span class=\"Apple-converted-space\"> <\/span><\/p>\t\t\t\t\t\t\t\t<\/div>\n\t\t\t\t<\/div>\n\t\t\t\t<div class=\"elementor-element elementor-element-9834053 elementor-widget elementor-widget-heading\" data-id=\"9834053\" data-element_type=\"widget\" data-e-type=\"widget\" data-widget_type=\"heading.default\">\n\t\t\t\t<div class=\"elementor-widget-container\">\n\t\t\t\t\t<h2 class=\"elementor-heading-title elementor-size-default\">OBJECTIF DU TRAITEMENT<\/h2>\t\t\t\t<\/div>\n\t\t\t\t<\/div>\n\t\t\t\t<div class=\"elementor-element elementor-element-21f88b8 elementor-widget elementor-widget-text-editor\" data-id=\"21f88b8\" data-element_type=\"widget\" data-e-type=\"widget\" data-widget_type=\"text-editor.default\">\n\t\t\t\t<div class=\"elementor-widget-container\">\n\t\t\t\t\t\t\t\t\t<p class=\"p1\">Les donn\u00e9es personnelles sont collect\u00e9es et trait\u00e9es pour les finalit\u00e9s suivantes :<\/p><p class=\"p1\">\u2022 Organisation de visites, de r\u00e9unions et de gestion des soins en pr\u00e9sentiel ou \u00e0 distance.<\/p><p class=\"p1\">\u2022 Prestation de services immobiliers et gestion de contrats.<\/p><p class=\"p1\">\u2022 Attention aux demandes, propositions ou requ\u00eates commerciales et professionnelles.<\/p><p class=\"p1\">\u2022 Envoi d\u2019informations pertinentes et de contenu promotionnel li\u00e9 \u00e0 nos services.<\/p><p class=\"p1\">\u2022 Gestion des candidatures aux processus de s\u00e9lection et d\u2019embauche.<\/p><p class=\"p1\">\u2022 Syst\u00e8mes de contr\u00f4le d\u2019acc\u00e8s et de vid\u00e9osurveillance pour garantir la s\u00e9curit\u00e9 de nos installations.<\/p><p class=\"p1\">\u2022 Respect des r\u00e9glementations du travail, de la sant\u00e9 et de la s\u00e9curit\u00e9.<\/p><p class=\"p1\">\u2022 Gestion interne des processus de communication, canal \u00e9thique et m\u00e9canismes de conformit\u00e9 r\u00e9glementaire.<\/p><p class=\"p1\">\u2022 Autres traitements n\u00e9cessaires au respect de la l\u00e9gislation applicable.<\/p><p class=\"p1\">Les donn\u00e9es seront trait\u00e9es avec la confidentialit\u00e9 requise et uniquement aux fins indiqu\u00e9es.<span class=\"Apple-converted-space\"> <\/span><\/p>\t\t\t\t\t\t\t\t<\/div>\n\t\t\t\t<\/div>\n\t\t\t\t<div class=\"elementor-element elementor-element-7724929 elementor-widget elementor-widget-heading\" data-id=\"7724929\" data-element_type=\"widget\" data-e-type=\"widget\" data-widget_type=\"heading.default\">\n\t\t\t\t<div class=\"elementor-widget-container\">\n\t\t\t\t\t<h2 class=\"elementor-heading-title elementor-size-default\">BASE JURIDIQUE DU TRAITEMENT<\/h2>\t\t\t\t<\/div>\n\t\t\t\t<\/div>\n\t\t\t\t<div class=\"elementor-element elementor-element-b62d9b9 elementor-widget elementor-widget-text-editor\" data-id=\"b62d9b9\" data-element_type=\"widget\" data-e-type=\"widget\" data-widget_type=\"text-editor.default\">\n\t\t\t\t<div class=\"elementor-widget-container\">\n\t\t\t\t\t\t\t\t\t<p class=\"p1\">Le traitement des donn\u00e9es repose sur :<\/p><p class=\"p1\">\u2022 Le consentement de l\u2019int\u00e9ress\u00e9.<\/p><p class=\"p1\">\u2022 L\u2019ex\u00e9cution d\u2019un contrat ou la prestation d\u2019un service.<\/p><p class=\"p1\">\u2022 Respect des obligations l\u00e9gales.<\/p><p class=\"p1\">\u2022 L\u2019int\u00e9r\u00eat l\u00e9gitime du responsable du traitement de garantir la qualit\u00e9 des services et la s\u00e9curit\u00e9.<span class=\"Apple-converted-space\"> <\/span><\/p>\t\t\t\t\t\t\t\t<\/div>\n\t\t\t\t<\/div>\n\t\t\t\t<div class=\"elementor-element elementor-element-bd9e2dd elementor-widget elementor-widget-heading\" data-id=\"bd9e2dd\" data-element_type=\"widget\" data-e-type=\"widget\" data-widget_type=\"heading.default\">\n\t\t\t\t<div class=\"elementor-widget-container\">\n\t\t\t\t\t<h2 class=\"elementor-heading-title elementor-size-default\">CONSERVATION DES DONN\u00c9ES<\/h2>\t\t\t\t<\/div>\n\t\t\t\t<\/div>\n\t\t\t\t<div class=\"elementor-element elementor-element-58ef1af elementor-widget elementor-widget-text-editor\" data-id=\"58ef1af\" data-element_type=\"widget\" data-e-type=\"widget\" data-widget_type=\"text-editor.default\">\n\t\t\t\t<div class=\"elementor-widget-container\">\n\t\t\t\t\t\t\t\t\t<p class=\"p1\">Les donn\u00e9es personnelles seront conserv\u00e9es pendant la dur\u00e9e n\u00e9cessaire \u00e0 la r\u00e9alisation de la finalit\u00e9 pour laquelle elles ont \u00e9t\u00e9 collect\u00e9es et, ult\u00e9rieurement, selon les d\u00e9lais l\u00e9gaux applicables :<\/p><p class=\"p1\"><b>\u2022 Services contractuels<\/b> : pendant toute la dur\u00e9e de la relation contractuelle et pendant la p\u00e9riode n\u00e9cessaire au respect des obligations l\u00e9gales.<\/p><p class=\"p1\"><b>\u2022 Applications<\/b> : jusqu\u2019\u00e0 un an maximum, sauf demande expresse de conservation plus longue.<\/p><p class=\"p1\"><b>\u2022 Donn\u00e9es relatives \u00e0 l\u2019emploi<\/b> : pendant toute la dur\u00e9e de la relation de travail et selon les d\u00e9lais l\u00e9gaux de conservation.<\/p><p class=\"p1\"><b>\u2022 Autres cas<\/b> : jusqu\u2019\u00e0 ce qu\u2019elles ne soient plus n\u00e9cessaires ou que l\u2019int\u00e9ress\u00e9 demande leur suppression.<span class=\"Apple-converted-space\"> <\/span><\/p>\t\t\t\t\t\t\t\t<\/div>\n\t\t\t\t<\/div>\n\t\t\t\t<div class=\"elementor-element elementor-element-3a1da34 elementor-widget elementor-widget-heading\" data-id=\"3a1da34\" data-element_type=\"widget\" data-e-type=\"widget\" data-widget_type=\"heading.default\">\n\t\t\t\t<div class=\"elementor-widget-container\">\n\t\t\t\t\t<h2 class=\"elementor-heading-title elementor-size-default\">B\u00c9N\u00c9FICIAIRES<\/h2>\t\t\t\t<\/div>\n\t\t\t\t<\/div>\n\t\t\t\t<div class=\"elementor-element elementor-element-32d0714 elementor-widget elementor-widget-text-editor\" data-id=\"32d0714\" data-element_type=\"widget\" data-e-type=\"widget\" data-widget_type=\"text-editor.default\">\n\t\t\t\t<div class=\"elementor-widget-container\">\n\t\t\t\t\t\t\t\t\t<p class=\"p1\">Les donn\u00e9es trait\u00e9es proviennent directement des int\u00e9ress\u00e9s eux-m\u00eames ou, le cas \u00e9ch\u00e9ant, de collaborateurs autoris\u00e9s. Les donn\u00e9es peuvent inclure : <\/p><p class=\"p1\">\u2022 Donn\u00e9es d\u2019identification.<\/p><p class=\"p1\">\u2022 Coordonn\u00e9es (adresses postale et \u00e9lectronique).<\/p><p class=\"p1\">\u2022 Donn\u00e9es relatives aux services demand\u00e9s ou contract\u00e9s.<span class=\"Apple-converted-space\"> <\/span><\/p>\t\t\t\t\t\t\t\t<\/div>\n\t\t\t\t<\/div>\n\t\t\t\t<div class=\"elementor-element elementor-element-22f0a8c elementor-widget elementor-widget-heading\" data-id=\"22f0a8c\" data-element_type=\"widget\" data-e-type=\"widget\" data-widget_type=\"heading.default\">\n\t\t\t\t<div class=\"elementor-widget-container\">\n\t\t\t\t\t<h2 class=\"elementor-heading-title elementor-size-default\">DROITS DES PERSONNES INT\u00c9RESS\u00c9ES<\/h2>\t\t\t\t<\/div>\n\t\t\t\t<\/div>\n\t\t\t\t<div class=\"elementor-element elementor-element-f74c4cc elementor-widget elementor-widget-text-editor\" data-id=\"f74c4cc\" data-element_type=\"widget\" data-e-type=\"widget\" data-widget_type=\"text-editor.default\">\n\t\t\t\t<div class=\"elementor-widget-container\">\n\t\t\t\t\t\t\t\t\t<p class=\"p1\">Les personnes concern\u00e9es peuvent exercer les droits suivants :<\/p><p class=\"p1\"><b>\u2022 Droit d\u2019acc\u00e8s<\/b> : obtenir des informations sur vos donn\u00e9es.<\/p><p class=\"p1\"><b>\u2022 Droit de rectification<\/b> : corriger des donn\u00e9es inexactes ou incompl\u00e8tes.  <b><\/b><\/p><p class=\"p1\"><b>\u2022 Droit \u00e0 l\u2019effacement<\/b> : demander leur suppression lorsqu\u2019elles ne sont plus n\u00e9cessaires.<\/p><p class=\"p1\"><b>\u2022 Droit \u00e0 la limitation<\/b> : restreindre le traitement dans certaines circonstances.<\/p><p class=\"p1\"><b>\u2022 Droit d\u2019opposition<\/b> : s\u2019opposer au traitement pour des raisons particuli\u00e8res.<\/p><p class=\"p1\"><b>\u2022 Droit \u00e0 la portabilit\u00e9<\/b> : recevoir les donn\u00e9es dans un format structur\u00e9 et lisible, ou les transf\u00e9rer \u00e0 un autre responsable de traitement.<\/p><p class=\"p1\"><b>\u2022 Droit de retirer son consentement<\/b> : \u00e0 tout moment, lorsque le traitement est fond\u00e9 sur celui-ci. Pour exercer l&rsquo;un de ces droits, vous pouvez nous contacter par e-mail \u00e0 info@consultorsimmobiliaris.com. <span class=\"Apple-converted-space\"> <\/span><\/p>\t\t\t\t\t\t\t\t<\/div>\n\t\t\t\t<\/div>\n\t\t\t\t<div class=\"elementor-element elementor-element-42d6aa8 elementor-widget elementor-widget-heading\" data-id=\"42d6aa8\" data-element_type=\"widget\" data-e-type=\"widget\" data-widget_type=\"heading.default\">\n\t\t\t\t<div class=\"elementor-widget-container\">\n\t\t\t\t\t<h2 class=\"elementor-heading-title elementor-size-default\">MESURES DE S\u00c9CURIT\u00c9<\/h2>\t\t\t\t<\/div>\n\t\t\t\t<\/div>\n\t\t\t\t<div class=\"elementor-element elementor-element-432b76e elementor-widget elementor-widget-text-editor\" data-id=\"432b76e\" data-element_type=\"widget\" data-e-type=\"widget\" data-widget_type=\"text-editor.default\">\n\t\t\t\t<div class=\"elementor-widget-container\">\n\t\t\t\t\t\t\t\t\t<p class=\"p1\">Nous appliquons des mesures techniques et organisationnelles pour garantir la s\u00e9curit\u00e9, l&rsquo;int\u00e9grit\u00e9 et la confidentialit\u00e9 des donn\u00e9es personnelles, emp\u00eachant leur perte, leur alt\u00e9ration, leur acc\u00e8s ou leur utilisation non autoris\u00e9e. Si vous d\u00e9tectez un incident li\u00e9 \u00e0 la protection des donn\u00e9es, veuillez nous en informer imm\u00e9diatement. <span class=\"Apple-converted-space\"> <\/span><\/p>\t\t\t\t\t\t\t\t<\/div>\n\t\t\t\t<\/div>\n\t\t\t\t<div class=\"elementor-element elementor-element-5921fe7 elementor-widget elementor-widget-heading\" data-id=\"5921fe7\" data-element_type=\"widget\" data-e-type=\"widget\" data-widget_type=\"heading.default\">\n\t\t\t\t<div class=\"elementor-widget-container\">\n\t\t\t\t\t<h2 class=\"elementor-heading-title elementor-size-default\">AUTORIT\u00c9 DE CONTR\u00d4LE<\/h2>\t\t\t\t<\/div>\n\t\t\t\t<\/div>\n\t\t\t\t<div class=\"elementor-element elementor-element-35c5dec elementor-widget elementor-widget-text-editor\" data-id=\"35c5dec\" data-element_type=\"widget\" data-e-type=\"widget\" data-widget_type=\"text-editor.default\">\n\t\t\t\t<div class=\"elementor-widget-container\">\n\t\t\t\t\t\t\t\t\t<p class=\"p1\">Si vous estimez que vos droits n&rsquo;ont pas \u00e9t\u00e9 d\u00fbment respect\u00e9s, vous pouvez contacter l&rsquo; <b>Agence andorrane de protection des donn\u00e9es<\/b> : <span class=\"s1\"><a href=\"http:\/\/www.apda.ad\">www.apda.ad<\/a><span class=\"Apple-converted-space\"> <\/span><\/span> <\/p>\t\t\t\t\t\t\t\t<\/div>\n\t\t\t\t<\/div>\n\t\t\t\t<div class=\"elementor-element elementor-element-904aef1 elementor-widget elementor-widget-heading\" data-id=\"904aef1\" data-element_type=\"widget\" data-e-type=\"widget\" data-widget_type=\"heading.default\">\n\t\t\t\t<div class=\"elementor-widget-container\">\n\t\t\t\t\t<h2 class=\"elementor-heading-title elementor-size-default\">MESURES DE S\u00c9CURIT\u00c9<\/h2>\t\t\t\t<\/div>\n\t\t\t\t<\/div>\n\t\t\t\t<div class=\"elementor-element elementor-element-d6d8975 elementor-widget elementor-widget-text-editor\" data-id=\"d6d8975\" data-element_type=\"widget\" data-e-type=\"widget\" data-widget_type=\"text-editor.default\">\n\t\t\t\t<div class=\"elementor-widget-container\">\n\t\t\t\t\t\t\t\t\t<p class=\"p1\">Pour toute question, suggestion ou demande relative au traitement des donn\u00e9es personnelles, vous pouvez nous contacter par email \u00e0 <b>info@consultorsimmobiliaris.com<\/b> ou par t\u00e9l\u00e9phone au <b>+376 650 682<\/b> .<span class=\"Apple-converted-space\"> <\/span><\/p>\t\t\t\t\t\t\t\t<\/div>\n\t\t\t\t<\/div>\n\t\t\t\t\t<\/div>\n\t\t\t\t<\/div>\n\t\t\t\t<\/div>\n\t\t","protected":false},"excerpt":{"rendered":"<p>POLITIQUE DE CONFIDENTIALIT\u00c9 ET DE PROTECTION DES DONN\u00c9ES DONN\u00c9ES Chez Consultors Immobiliaris, dont le si\u00e8ge est C\/ Constituci\u00f3, 13 \u00b7 salle 1, rez-de-chauss\u00e9e \u2013 AD700 Escaldes- Engordany, nous nous engageons fermement \u00e0 prot\u00e9ger la confidentialit\u00e9 et la confidentialit\u00e9 des donn\u00e9es donn\u00e9es personnelles de nos clients, collaborateurs et utilisateurs, conform\u00e9ment aux dispositions de la loi 29\/2021, [&hellip;]<\/p>\n","protected":false},"author":1,"featured_media":0,"parent":0,"menu_order":0,"comment_status":"closed","ping_status":"open","template":"","meta":{"_acf_changed":false,"footnotes":""},"class_list":["post-1469","page","type-page","status-publish","hentry"],"acf":[],"_links":{"self":[{"href":"https:\/\/consultorsimmobiliaris.com\/fr\/wp-json\/wp\/v2\/pages\/1469","targetHints":{"allow":["GET"]}}],"collection":[{"href":"https:\/\/consultorsimmobiliaris.com\/fr\/wp-json\/wp\/v2\/pages"}],"about":[{"href":"https:\/\/consultorsimmobiliaris.com\/fr\/wp-json\/wp\/v2\/types\/page"}],"author":[{"embeddable":true,"href":"https:\/\/consultorsimmobiliaris.com\/fr\/wp-json\/wp\/v2\/users\/1"}],"replies":[{"embeddable":true,"href":"https:\/\/consultorsimmobiliaris.com\/fr\/wp-json\/wp\/v2\/comments?post=1469"}],"version-history":[{"count":1,"href":"https:\/\/consultorsimmobiliaris.com\/fr\/wp-json\/wp\/v2\/pages\/1469\/revisions"}],"predecessor-version":[{"id":1474,"href":"https:\/\/consultorsimmobiliaris.com\/fr\/wp-json\/wp\/v2\/pages\/1469\/revisions\/1474"}],"wp:attachment":[{"href":"https:\/\/consultorsimmobiliaris.com\/fr\/wp-json\/wp\/v2\/media?parent=1469"}],"curies":[{"name":"wp","href":"https:\/\/api.w.org\/{rel}","templated":true}]}}