{"id":1486,"date":"2025-03-12T10:55:41","date_gmt":"2025-03-12T09:55:41","guid":{"rendered":"https:\/\/consultorsimmobiliaris.com\/services\/"},"modified":"2025-06-03T18:15:41","modified_gmt":"2025-06-03T16:15:41","slug":"services","status":"publish","type":"page","link":"https:\/\/consultorsimmobiliaris.com\/fr\/services\/","title":{"rendered":"Services"},"content":{"rendered":"\t\t<div data-elementor-type=\"wp-page\" data-elementor-id=\"1486\" class=\"elementor elementor-1486 elementor-396\" data-elementor-post-type=\"page\">\n\t\t\t\t<div class=\"elementor-element elementor-element-8d36165 e-con-full e-flex e-con e-parent\" data-id=\"8d36165\" data-element_type=\"container\" data-e-type=\"container\">\n\t\t\t\t<div class=\"elementor-element elementor-element-9b0afa0 elementor-widget__width-inherit elementor-widget elementor-widget-image\" data-id=\"9b0afa0\" data-element_type=\"widget\" data-e-type=\"widget\" data-widget_type=\"image.default\">\n\t\t\t\t<div class=\"elementor-widget-container\">\n\t\t\t\t\t\t\t\t\t\t\t\t\t\t\t<img fetchpriority=\"high\" decoding=\"async\" width=\"2114\" height=\"2560\" src=\"https:\/\/consultorsimmobiliaris.com\/wp-content\/uploads\/2025\/03\/serveis-scaled.webp\" class=\"attachment-full size-full wp-image-982\" alt=\"\" srcset=\"https:\/\/consultorsimmobiliaris.com\/wp-content\/uploads\/2025\/03\/serveis-scaled.webp 2114w, https:\/\/consultorsimmobiliaris.com\/wp-content\/uploads\/2025\/03\/serveis-248x300.webp 248w, https:\/\/consultorsimmobiliaris.com\/wp-content\/uploads\/2025\/03\/serveis-846x1024.webp 846w, https:\/\/consultorsimmobiliaris.com\/wp-content\/uploads\/2025\/03\/serveis-768x930.webp 768w, https:\/\/consultorsimmobiliaris.com\/wp-content\/uploads\/2025\/03\/serveis-1268x1536.webp 1268w, https:\/\/consultorsimmobiliaris.com\/wp-content\/uploads\/2025\/03\/serveis-1691x2048.webp 1691w\" sizes=\"(max-width: 2114px) 100vw, 2114px\" \/>\t\t\t\t\t\t\t\t\t\t\t\t\t\t\t<\/div>\n\t\t\t\t<\/div>\n\t\t\t\t<\/div>\n\t\t<div class=\"elementor-element elementor-element-20e2e79 e-flex e-con-boxed e-con e-parent\" data-id=\"20e2e79\" data-element_type=\"container\" data-e-type=\"container\">\n\t\t\t\t\t<div class=\"e-con-inner\">\n\t\t<div class=\"elementor-element elementor-element-41d5bbc e-con-full e-flex e-con e-child\" data-id=\"41d5bbc\" data-element_type=\"container\" data-e-type=\"container\">\n\t\t\t\t<div class=\"elementor-element elementor-element-3b956ab elementor-widget__width-initial elementor-widget elementor-widget-heading\" data-id=\"3b956ab\" data-element_type=\"widget\" data-e-type=\"widget\" data-widget_type=\"heading.default\">\n\t\t\t\t<div class=\"elementor-widget-container\">\n\t\t\t\t\t<h2 class=\"elementor-heading-title elementor-size-default\">votre avenir dans l'une des destinations les plus attractives\n d'Europe<\/h2>\t\t\t\t<\/div>\n\t\t\t\t<\/div>\n\t\t\t\t<\/div>\n\t\t\t\t\t<\/div>\n\t\t\t\t<\/div>\n\t\t<div class=\"elementor-element elementor-element-5a71a24 e-flex e-con-boxed e-con e-parent\" data-id=\"5a71a24\" data-element_type=\"container\" data-e-type=\"container\" id=\"ASSESSORAMENT\">\n\t\t\t\t\t<div class=\"e-con-inner\">\n\t\t<div class=\"elementor-element elementor-element-4922c05 e-con-full e-flex e-con e-child\" data-id=\"4922c05\" data-element_type=\"container\" data-e-type=\"container\">\n\t\t\t\t<div class=\"elementor-element elementor-element-c2166e0 elementor-widget elementor-widget-image\" data-id=\"c2166e0\" data-element_type=\"widget\" data-e-type=\"widget\" data-widget_type=\"image.default\">\n\t\t\t\t<div class=\"elementor-widget-container\">\n\t\t\t\t\t\t\t\t\t\t\t\t\t\t\t<img decoding=\"async\" width=\"800\" height=\"531\" src=\"https:\/\/consultorsimmobiliaris.com\/wp-content\/uploads\/2025\/03\/inversio-1024x680.webp\" class=\"attachment-large size-large wp-image-991\" alt=\"\" srcset=\"https:\/\/consultorsimmobiliaris.com\/wp-content\/uploads\/2025\/03\/inversio-1024x680.webp 1024w, https:\/\/consultorsimmobiliaris.com\/wp-content\/uploads\/2025\/03\/inversio-300x199.webp 300w, https:\/\/consultorsimmobiliaris.com\/wp-content\/uploads\/2025\/03\/inversio-768x510.webp 768w, https:\/\/consultorsimmobiliaris.com\/wp-content\/uploads\/2025\/03\/inversio.webp 1333w\" sizes=\"(max-width: 800px) 100vw, 800px\" \/>\t\t\t\t\t\t\t\t\t\t\t\t\t\t\t<\/div>\n\t\t\t\t<\/div>\n\t\t\t\t<\/div>\n\t\t<div class=\"elementor-element elementor-element-ad7d6f7 e-con-full e-flex e-con e-child\" data-id=\"ad7d6f7\" data-element_type=\"container\" data-e-type=\"container\">\n\t\t\t\t<div class=\"elementor-element elementor-element-2a980f2 elementor-widget elementor-widget-heading\" data-id=\"2a980f2\" data-element_type=\"widget\" data-e-type=\"widget\" data-widget_type=\"heading.default\">\n\t\t\t\t<div class=\"elementor-widget-container\">\n\t\t\t\t\t<h2 class=\"elementor-heading-title elementor-size-default\">CONSEILS EN INVESTISSEMENT<\/h2>\t\t\t\t<\/div>\n\t\t\t\t<\/div>\n\t\t\t\t<div class=\"elementor-element elementor-element-6f67bb5 elementor-widget elementor-widget-text-editor\" data-id=\"6f67bb5\" data-element_type=\"widget\" data-e-type=\"widget\" data-widget_type=\"text-editor.default\">\n\t\t\t\t<div class=\"elementor-widget-container\">\n\t\t\t\t\t\t\t\t\t<p class=\"p1\">Les services de conseil en investissement immobilier en Andorre sont de plus en plus demand\u00e9s, gr\u00e2ce \u00e0 la croissance du secteur immobilier du pays et aux opportunit\u00e9s qu&rsquo;il offre en tant que destination pour les investisseurs internationaux. Andorre, avec sa situation strat\u00e9gique entre l&rsquo;Espagne et la France, sa fiscalit\u00e9 attractive et son environnement de s\u00e9curit\u00e9 juridique et \u00e9conomique, est devenue un centre d&rsquo;int\u00e9r\u00eat pour ceux qui cherchent \u00e0 diversifier leur patrimoine gr\u00e2ce \u00e0 l&rsquo;investissement immobilier. <\/p>\t\t\t\t\t\t\t\t<\/div>\n\t\t\t\t<\/div>\n\t\t\t\t<div class=\"elementor-element elementor-element-a249c21 elementor-widget elementor-widget-text-editor\" data-id=\"a249c21\" data-element_type=\"widget\" data-e-type=\"widget\" data-widget_type=\"text-editor.default\">\n\t\t\t\t<div class=\"elementor-widget-container\">\n\t\t\t\t\t\t\t\t\t<ul><li class=\"p1\">Conseils juridiques et fiscaux<\/li><li class=\"p1\"><span class=\"Apple-converted-space\"> <\/span>Analyse de march\u00e9 et \u00e9tude de faisabilit\u00e9<\/li><li class=\"p1\"><span class=\"Apple-converted-space\"> <\/span>Gestion de placements<\/li><li class=\"p1\">Financement et cr\u00e9dits<\/li><li class=\"p1\">Conseils sur les investissements dans les propri\u00e9t\u00e9s locatives<\/li><li class=\"p1\">Conseil aux investisseurs \u00e9trangers<\/li><li class=\"p1\">Investissements dans les projets de d\u00e9veloppement et de nouvelle construction<\/li><li class=\"p1\">Strat\u00e9gies de sortie<\/li><\/ul>\t\t\t\t\t\t\t\t<\/div>\n\t\t\t\t<\/div>\n\t\t\t\t<\/div>\n\t\t\t\t\t<\/div>\n\t\t\t\t<\/div>\n\t\t<div class=\"elementor-element elementor-element-722c6c3 e-flex e-con-boxed e-con e-parent\" data-id=\"722c6c3\" data-element_type=\"container\" data-e-type=\"container\" id=\"GESTIO\">\n\t\t\t\t\t<div class=\"e-con-inner\">\n\t\t<div class=\"elementor-element elementor-element-be02f9f e-con-full e-flex e-con e-child\" data-id=\"be02f9f\" data-element_type=\"container\" data-e-type=\"container\">\n\t\t\t\t<div class=\"elementor-element elementor-element-8cbf3a8 elementor-widget elementor-widget-image\" data-id=\"8cbf3a8\" data-element_type=\"widget\" data-e-type=\"widget\" data-widget_type=\"image.default\">\n\t\t\t\t<div class=\"elementor-widget-container\">\n\t\t\t\t\t\t\t\t\t\t\t\t\t\t\t<img decoding=\"async\" width=\"800\" height=\"530\" src=\"https:\/\/consultorsimmobiliaris.com\/wp-content\/uploads\/2025\/03\/tramits-1024x678.webp\" class=\"attachment-large size-large wp-image-985\" alt=\"\" srcset=\"https:\/\/consultorsimmobiliaris.com\/wp-content\/uploads\/2025\/03\/tramits-1024x678.webp 1024w, https:\/\/consultorsimmobiliaris.com\/wp-content\/uploads\/2025\/03\/tramits-300x199.webp 300w, https:\/\/consultorsimmobiliaris.com\/wp-content\/uploads\/2025\/03\/tramits-768x509.webp 768w, https:\/\/consultorsimmobiliaris.com\/wp-content\/uploads\/2025\/03\/tramits-1536x1017.webp 1536w, https:\/\/consultorsimmobiliaris.com\/wp-content\/uploads\/2025\/03\/tramits-2048x1356.webp 2048w\" sizes=\"(max-width: 800px) 100vw, 800px\" \/>\t\t\t\t\t\t\t\t\t\t\t\t\t\t\t<\/div>\n\t\t\t\t<\/div>\n\t\t\t\t<\/div>\n\t\t<div class=\"elementor-element elementor-element-36f0d1e e-con-full e-flex e-con e-child\" data-id=\"36f0d1e\" data-element_type=\"container\" data-e-type=\"container\">\n\t\t\t\t<div class=\"elementor-element elementor-element-eec5bff elementor-widget elementor-widget-heading\" data-id=\"eec5bff\" data-element_type=\"widget\" data-e-type=\"widget\" data-widget_type=\"heading.default\">\n\t\t\t\t<div class=\"elementor-widget-container\">\n\t\t\t\t\t<h2 class=\"elementor-heading-title elementor-size-default\">GESTION GLOBALE DU TRANSFERT ET DE L'IMPLANTATION<\/h2>\t\t\t\t<\/div>\n\t\t\t\t<\/div>\n\t\t\t\t<div class=\"elementor-element elementor-element-b404d6d elementor-widget elementor-widget-text-editor\" data-id=\"b404d6d\" data-element_type=\"widget\" data-e-type=\"widget\" data-widget_type=\"text-editor.default\">\n\t\t\t\t<div class=\"elementor-widget-container\">\n\t\t\t\t\t\t\t\t\t<p class=\"p1\">En Andorre, les services de gestion int\u00e9grale pour le d\u00e9m\u00e9nagement et l&rsquo;\u00e9tablissement d&rsquo;une nouvelle r\u00e9sidence sont tr\u00e8s pr\u00e9cieux pour ceux qui souhaitent changer de r\u00e9sidence et ont besoin d&rsquo;aide pour s&rsquo;adapter \u00e0 ce nouvel environnement. Les services qui peuvent \u00eatre offerts comprennent : <\/p>\t\t\t\t\t\t\t\t<\/div>\n\t\t\t\t<\/div>\n\t\t\t\t<div class=\"elementor-element elementor-element-263678f elementor-widget elementor-widget-text-editor\" data-id=\"263678f\" data-element_type=\"widget\" data-e-type=\"widget\" data-widget_type=\"text-editor.default\">\n\t\t\t\t<div class=\"elementor-widget-container\">\n\t\t\t\t\t\t\t\t\t<ul><li>Conseils juridiques et fiscaux<\/li><li>Gestion des documents et proc\u00e9dures administratives<\/li><li class=\"p1\">Conseils pour trouver un logement<\/li><li class=\"p1\">Services d&#8217;emballage et de d\u00e9m\u00e9nagement<\/li><li class=\"p1\">Services bancaires et d&rsquo;assistance financi\u00e8re<\/li><li class=\"p1\">Services d&rsquo;adaptation sociale et culturelle<\/li><li class=\"p1\">Services de sant\u00e9 et de bien-\u00eatre<\/li><li class=\"p1\">Services et formations linguistiques<\/li><li class=\"p1\">Gestion des services domestiques et personnels<\/li><\/ul>\t\t\t\t\t\t\t\t<\/div>\n\t\t\t\t<\/div>\n\t\t\t\t<\/div>\n\t\t\t\t\t<\/div>\n\t\t\t\t<\/div>\n\t\t<div class=\"elementor-element elementor-element-d314c33 e-flex e-con-boxed e-con e-parent\" data-id=\"d314c33\" data-element_type=\"container\" data-e-type=\"container\" id=\"SERVEIS\">\n\t\t\t\t\t<div class=\"e-con-inner\">\n\t\t<div class=\"elementor-element elementor-element-acc47a1 e-con-full e-flex e-con e-child\" data-id=\"acc47a1\" data-element_type=\"container\" data-e-type=\"container\">\n\t\t\t\t<div class=\"elementor-element elementor-element-a231dbb elementor-widget elementor-widget-image\" data-id=\"a231dbb\" data-element_type=\"widget\" data-e-type=\"widget\" data-widget_type=\"image.default\">\n\t\t\t\t<div class=\"elementor-widget-container\">\n\t\t\t\t\t\t\t\t\t\t\t\t\t\t\t<img loading=\"lazy\" decoding=\"async\" width=\"800\" height=\"534\" src=\"https:\/\/consultorsimmobiliaris.com\/wp-content\/uploads\/2025\/03\/chofer-1024x683.webp\" class=\"attachment-large size-large wp-image-988\" alt=\"\" srcset=\"https:\/\/consultorsimmobiliaris.com\/wp-content\/uploads\/2025\/03\/chofer-1024x683.webp 1024w, https:\/\/consultorsimmobiliaris.com\/wp-content\/uploads\/2025\/03\/chofer-300x200.webp 300w, https:\/\/consultorsimmobiliaris.com\/wp-content\/uploads\/2025\/03\/chofer-768x512.webp 768w, https:\/\/consultorsimmobiliaris.com\/wp-content\/uploads\/2025\/03\/chofer-1536x1024.webp 1536w, https:\/\/consultorsimmobiliaris.com\/wp-content\/uploads\/2025\/03\/chofer.webp 1600w\" sizes=\"(max-width: 800px) 100vw, 800px\" \/>\t\t\t\t\t\t\t\t\t\t\t\t\t\t\t<\/div>\n\t\t\t\t<\/div>\n\t\t\t\t<\/div>\n\t\t<div class=\"elementor-element elementor-element-34969a7 e-con-full e-flex e-con e-child\" data-id=\"34969a7\" data-element_type=\"container\" data-e-type=\"container\">\n\t\t\t\t<div class=\"elementor-element elementor-element-a48f5c6 elementor-widget elementor-widget-heading\" data-id=\"a48f5c6\" data-element_type=\"widget\" data-e-type=\"widget\" data-widget_type=\"heading.default\">\n\t\t\t\t<div class=\"elementor-widget-container\">\n\t\t\t\t\t<h2 class=\"elementor-heading-title elementor-size-default\">SERVICES DE CONCIERGERIE VIP<\/h2>\t\t\t\t<\/div>\n\t\t\t\t<\/div>\n\t\t\t\t<div class=\"elementor-element elementor-element-dd53c29 elementor-widget elementor-widget-text-editor\" data-id=\"dd53c29\" data-element_type=\"widget\" data-e-type=\"widget\" data-widget_type=\"text-editor.default\">\n\t\t\t\t<div class=\"elementor-widget-container\">\n\t\t\t\t\t\t\t\t\t<p class=\"p1\">Les services de conciergerie que nous proposons aux propri\u00e9taires de biens immobiliers en Andorre sont con\u00e7us pour rendre leur s\u00e9jour dans le pays plus confortable, pratique et agr\u00e9able. Ces services personnalis\u00e9s couvrent non seulement les besoins d\u2019entretien de base, mais offrent \u00e9galement un niveau \u00e9lev\u00e9 de confort et d\u2019exclusivit\u00e9 pour garantir aux propri\u00e9taires une exp\u00e9rience sans souci. <\/p>\t\t\t\t\t\t\t\t<\/div>\n\t\t\t\t<\/div>\n\t\t\t\t<div class=\"elementor-element elementor-element-96a6c9d elementor-widget elementor-widget-text-editor\" data-id=\"96a6c9d\" data-element_type=\"widget\" data-e-type=\"widget\" data-widget_type=\"text-editor.default\">\n\t\t\t\t<div class=\"elementor-widget-container\">\n\t\t\t\t\t\t\t\t\t<ul><li class=\"p1\">Gestion immobili\u00e8re personnalis\u00e9e<\/li><li class=\"p1\">Services de transport et de logistique<\/li><li class=\"p1\">Services domestiques et de cuisine<\/li><li class=\"p1\">Services de style de vie et de divertissement<\/li><li class=\"p1\">Services d&rsquo;\u00e9quipement m\u00e9nager et de gestion du personnel<\/li><li class=\"p1\">Assistance dans les affaires personnelles<\/li><li class=\"p1\">Services de bien-\u00eatre et de loisirs<\/li><li class=\"p1\">Services de conseil et de gestion personnalis\u00e9s<\/li><\/ul>\t\t\t\t\t\t\t\t<\/div>\n\t\t\t\t<\/div>\n\t\t\t\t<\/div>\n\t\t\t\t\t<\/div>\n\t\t\t\t<\/div>\n\t\t<div class=\"elementor-element elementor-element-6d23bb4 e-flex e-con-boxed e-con e-parent\" data-id=\"6d23bb4\" data-element_type=\"container\" data-e-type=\"container\" id=\"NETWORKING\">\n\t\t\t\t\t<div class=\"e-con-inner\">\n\t\t<div class=\"elementor-element elementor-element-37e1000 e-con-full e-flex e-con e-child\" data-id=\"37e1000\" data-element_type=\"container\" data-e-type=\"container\">\n\t\t\t\t<div class=\"elementor-element elementor-element-835689b elementor-widget elementor-widget-image\" data-id=\"835689b\" data-element_type=\"widget\" data-e-type=\"widget\" data-widget_type=\"image.default\">\n\t\t\t\t<div class=\"elementor-widget-container\">\n\t\t\t\t\t\t\t\t\t\t\t\t\t\t\t<img loading=\"lazy\" decoding=\"async\" width=\"800\" height=\"534\" src=\"https:\/\/consultorsimmobiliaris.com\/wp-content\/uploads\/2025\/03\/negocis-1024x683.webp\" class=\"attachment-large size-large wp-image-994\" alt=\"\" srcset=\"https:\/\/consultorsimmobiliaris.com\/wp-content\/uploads\/2025\/03\/negocis-1024x683.webp 1024w, https:\/\/consultorsimmobiliaris.com\/wp-content\/uploads\/2025\/03\/negocis-300x200.webp 300w, https:\/\/consultorsimmobiliaris.com\/wp-content\/uploads\/2025\/03\/negocis-768x512.webp 768w, https:\/\/consultorsimmobiliaris.com\/wp-content\/uploads\/2025\/03\/negocis-1536x1025.webp 1536w, https:\/\/consultorsimmobiliaris.com\/wp-content\/uploads\/2025\/03\/negocis.webp 1920w\" sizes=\"(max-width: 800px) 100vw, 800px\" \/>\t\t\t\t\t\t\t\t\t\t\t\t\t\t\t<\/div>\n\t\t\t\t<\/div>\n\t\t\t\t<\/div>\n\t\t<div class=\"elementor-element elementor-element-421e39e e-con-full e-flex e-con e-child\" data-id=\"421e39e\" data-element_type=\"container\" data-e-type=\"container\">\n\t\t\t\t<div class=\"elementor-element elementor-element-a5b458c elementor-widget elementor-widget-heading\" data-id=\"a5b458c\" data-element_type=\"widget\" data-e-type=\"widget\" data-widget_type=\"heading.default\">\n\t\t\t\t<div class=\"elementor-widget-container\">\n\t\t\t\t\t<h2 class=\"elementor-heading-title elementor-size-default\">R\u00c9SEAUTAGE EXCLUSIF<\/h2>\t\t\t\t<\/div>\n\t\t\t\t<\/div>\n\t\t\t\t<div class=\"elementor-element elementor-element-1c580df elementor-widget elementor-widget-text-editor\" data-id=\"1c580df\" data-element_type=\"widget\" data-e-type=\"widget\" data-widget_type=\"text-editor.default\">\n\t\t\t\t<div class=\"elementor-widget-container\">\n\t\t\t\t\t\t\t\t\t<p class=\"p1 default_cursor_cs\">Les services de r\u00e9seautage exclusifs que nous pouvons offrir aux nouveaux investisseurs immobiliers en Andorre seraient con\u00e7us pour faciliter leur int\u00e9gration sur le march\u00e9 local, \u00e9tablir des connexions pr\u00e9cieuses et maximiser les opportunit\u00e9s d&rsquo;investissement. Ces services comprendraient non seulement une assistance dans la recherche d\u2019opportunit\u00e9s commerciales, mais \u00e9galement un soutien dans la construction d\u2019un r\u00e9seau solide et influent en Andorre. <\/p>\t\t\t\t\t\t\t\t<\/div>\n\t\t\t\t<\/div>\n\t\t\t\t<div class=\"elementor-element elementor-element-e6cf2cb elementor-widget elementor-widget-text-editor\" data-id=\"e6cf2cb\" data-element_type=\"widget\" data-e-type=\"widget\" data-widget_type=\"text-editor.default\">\n\t\t\t\t<div class=\"elementor-widget-container\">\n\t\t\t\t\t\t\t\t\t<ul><li class=\"p1\">Acc\u00e8s exclusif aux \u00e9v\u00e9nements de r\u00e9seautage immobilier<\/li><li class=\"p1\">Connexions avec des professionnels locaux cl\u00e9s<\/li><li class=\"p1\">Acc\u00e8s \u00e0 une plateforme priv\u00e9e d&rsquo;investissement immobilier<\/li><li class=\"p1\">Assistance \u00e0 la recherche de financements et d&rsquo;accords bancaires<\/li><li class=\"p1\">Acc\u00e8s aux relations institutionnelles et aux politiques locales<\/li><li class=\"p1\">Mentorat personnalis\u00e9 pour les investisseurs immobiliers<\/li><li class=\"p1\">Services de conseil strat\u00e9gique pour la diversification des investissements<\/li><li class=\"p1\">Acc\u00e8s \u00e0 des projets exclusifs et de grande envergure<\/li><li class=\"p1\">Accompagnement dans la cr\u00e9ation de relations commerciales et avec les entreprises locales<\/li><\/ul>\t\t\t\t\t\t\t\t<\/div>\n\t\t\t\t<\/div>\n\t\t\t\t<\/div>\n\t\t\t\t\t<\/div>\n\t\t\t\t<\/div>\n\t\t<div class=\"elementor-element elementor-element-bcb1d34 e-flex e-con-boxed e-con e-parent\" data-id=\"bcb1d34\" data-element_type=\"container\" data-e-type=\"container\" data-settings=\"{&quot;background_background&quot;:&quot;classic&quot;}\">\n\t\t\t\t\t<div class=\"e-con-inner\">\n\t\t<div class=\"elementor-element elementor-element-e792073 e-con-full e-flex e-con e-child\" data-id=\"e792073\" data-element_type=\"container\" data-e-type=\"container\" data-settings=\"{&quot;background_background&quot;:&quot;classic&quot;}\">\n\t\t<div class=\"elementor-element elementor-element-31a0d4d e-con-full e-flex e-con e-child\" data-id=\"31a0d4d\" data-element_type=\"container\" data-e-type=\"container\">\n\t\t\t\t<div class=\"elementor-element elementor-element-00a337a elementor-widget elementor-widget-heading\" data-id=\"00a337a\" data-element_type=\"widget\" data-e-type=\"widget\" data-widget_type=\"heading.default\">\n\t\t\t\t<div class=\"elementor-widget-container\">\n\t\t\t\t\t<h2 class=\"elementor-heading-title elementor-size-default\">Commencez le v\u00f4tre\n Voyagez avec nous<\/h2>\t\t\t\t<\/div>\n\t\t\t\t<\/div>\n\t\t\t\t<div class=\"elementor-element elementor-element-a4bac12 elementor-widget elementor-widget-text-editor\" data-id=\"a4bac12\" data-element_type=\"widget\" data-e-type=\"widget\" data-widget_type=\"text-editor.default\">\n\t\t\t\t<div class=\"elementor-widget-container\">\n\t\t\t\t\t\t\t\t\t<p>Vous souhaitez plus d&rsquo;informations sur les investissements exclusifs et les avantages fiscaux en Andorre ?<\/p>\n<p class=\"default_cursor_cs\">Notre \u00e9quipe d&rsquo;experts est pr\u00eate \u00e0 vous conseiller \u00e0 chaque \u00e9tape du processus.<\/p>\t\t\t\t\t\t\t\t<\/div>\n\t\t\t\t<\/div>\n\t\t\t\t<\/div>\n\t\t<div class=\"elementor-element elementor-element-55f861e e-con-full e-flex e-con e-child\" data-id=\"55f861e\" data-element_type=\"container\" data-e-type=\"container\">\n\t\t\t\t<div class=\"elementor-element elementor-element-8c2234f elementor-button-align-stretch elementor-widget elementor-widget-form\" data-id=\"8c2234f\" data-element_type=\"widget\" data-e-type=\"widget\" data-settings=\"{&quot;step_next_label&quot;:&quot;Suivant&quot;,&quot;step_previous_label&quot;:&quot;Pr\\u00e9c\\u00e9dent&quot;,&quot;button_width&quot;:&quot;100&quot;,&quot;step_type&quot;:&quot;number_text&quot;,&quot;step_icon_shape&quot;:&quot;circle&quot;}\" data-widget_type=\"form.default\">\n\t\t\t\t<div class=\"elementor-widget-container\">\n\t\t\t\t\t\t\t<form class=\"elementor-form\" method=\"post\" name=\"Nouvelle forme\" aria-label=\"Nouvelle forme\">\n\t\t\t<input type=\"hidden\" name=\"post_id\" value=\"1486\"\/>\n\t\t\t<input type=\"hidden\" name=\"form_id\" value=\"8c2234f\"\/>\n\t\t\t<input type=\"hidden\" name=\"referer_title\" value=\"Services\" \/>\n\n\t\t\t\t\t\t\t<input type=\"hidden\" name=\"queried_id\" value=\"1486\"\/>\n\t\t\t\n\t\t\t<div class=\"elementor-form-fields-wrapper elementor-labels-\">\n\t\t\t\t\t\t\t\t<div class=\"elementor-field-type-text elementor-field-group elementor-column elementor-field-group-name elementor-col-100\">\n\t\t\t\t\t\t\t\t\t\t\t\t<label for=\"form-field-name\" class=\"elementor-field-label elementor-screen-only\">\n\t\t\t\t\t\t\t\tNom\t\t\t\t\t\t\t<\/label>\n\t\t\t\t\t\t\t\t\t\t\t\t\t\t<input size=\"1\" type=\"text\" name=\"form_fields[name]\" id=\"form-field-name\" class=\"elementor-field elementor-size-sm  elementor-field-textual\" placeholder=\"Nom et pr\u00e9nom\">\n\t\t\t\t\t\t\t\t\t\t\t<\/div>\n\t\t\t\t\t\t\t\t<div class=\"elementor-field-type-tel elementor-field-group elementor-column elementor-field-group-field_6aad930 elementor-col-100\">\n\t\t\t\t\t\t\t\t\t\t\t\t<label for=\"form-field-field_6aad930\" class=\"elementor-field-label elementor-screen-only\">\n\t\t\t\t\t\t\t\tt\u00e9l\u00e9phone\t\t\t\t\t\t\t<\/label>\n\t\t\t\t\t\t\t\t<input size=\"1\" type=\"tel\" name=\"form_fields[field_6aad930]\" id=\"form-field-field_6aad930\" class=\"elementor-field elementor-size-sm  elementor-field-textual\" placeholder=\"T\u00e9l\u00e9phone\" pattern=\"[0-9()#&amp;+*-=.]+\" title=\"Seuls les caract\u00e8res de num\u00e9ros de t\u00e9l\u00e9phone (#, -, *, etc.) sont accept\u00e9s.\">\n\n\t\t\t\t\t\t<\/div>\n\t\t\t\t\t\t\t\t<div class=\"elementor-field-type-email elementor-field-group elementor-column elementor-field-group-email elementor-col-100 elementor-field-required\">\n\t\t\t\t\t\t\t\t\t\t\t\t<label for=\"form-field-email\" class=\"elementor-field-label elementor-screen-only\">\n\t\t\t\t\t\t\t\tE-mail\t\t\t\t\t\t\t<\/label>\n\t\t\t\t\t\t\t\t\t\t\t\t\t\t<input size=\"1\" type=\"email\" name=\"form_fields[email]\" id=\"form-field-email\" class=\"elementor-field elementor-size-sm  elementor-field-textual\" placeholder=\"E-mail\" required=\"required\">\n\t\t\t\t\t\t\t\t\t\t\t<\/div>\n\t\t\t\t\t\t\t\t<div class=\"elementor-field-type-textarea elementor-field-group elementor-column elementor-field-group-message elementor-col-100\">\n\t\t\t\t\t\t\t\t\t\t\t\t<label for=\"form-field-message\" class=\"elementor-field-label elementor-screen-only\">\n\t\t\t\t\t\t\t\tMessage\t\t\t\t\t\t\t<\/label>\n\t\t\t\t\t\t<textarea class=\"elementor-field-textual elementor-field  elementor-size-sm\" name=\"form_fields[message]\" id=\"form-field-message\" rows=\"4\" placeholder=\"Message\"><\/textarea>\t\t\t\t<\/div>\n\t\t\t\t\t\t\t\t<div class=\"elementor-field-type-recaptcha_v3 elementor-field-group elementor-column elementor-field-group-field_ca9dab9 elementor-col-100 recaptcha_v3-inline\">\n\t\t\t\t\t<div class=\"elementor-field\" id=\"form-field-field_ca9dab9\"><div class=\"elementor-g-recaptcha\" data-sitekey=\"6LfJu_4qAAAAABAp6WKgfhSok7PJJGeZo0UO-JDB\" data-type=\"v3\" data-action=\"Form\" data-badge=\"inline\" data-size=\"invisible\"><\/div><\/div>\t\t\t\t<\/div>\n\t\t\t\t\t\t\t\t<div class=\"elementor-field-group elementor-column elementor-field-type-submit elementor-col-100 e-form__buttons\">\n\t\t\t\t\t<button class=\"elementor-button elementor-size-sm\" type=\"submit\">\n\t\t\t\t\t\t<span class=\"elementor-button-content-wrapper\">\n\t\t\t\t\t\t\t\t\t\t\t\t\t\t\t\t\t\t\t\t\t\t<span class=\"elementor-button-text\">Envoyer<\/span>\n\t\t\t\t\t\t\t\t\t\t\t\t\t<\/span>\n\t\t\t\t\t<\/button>\n\t\t\t\t<\/div>\n\t\t\t<\/div>\n\t\t<\/form>\n\t\t\t\t\t\t<\/div>\n\t\t\t\t<\/div>\n\t\t\t\t<\/div>\n\t\t\t\t<\/div>\n\t\t\t\t\t<\/div>\n\t\t\t\t<\/div>\n\t\t\t\t<\/div>\n\t\t","protected":false},"excerpt":{"rendered":"<p>Nous vous conseillons \u00e0 chaque \u00e9tape pour que vous trouviez le bien id\u00e9al, avec des espaces adapt\u00e9s pour cr\u00e9er du contenu et vivre en tout confort. Discr\u00e9tion, gestion int\u00e9grale et acc\u00e8s aux meilleurs investissements du march\u00e9. Profitez d&rsquo;un environnement s\u00fbr, avec des connexions internationales et une qualit\u00e9 de vie incomparable.  <\/p>\n","protected":false},"author":1,"featured_media":982,"parent":0,"menu_order":0,"comment_status":"closed","ping_status":"closed","template":"","meta":{"_acf_changed":false,"footnotes":""},"class_list":["post-1486","page","type-page","status-publish","has-post-thumbnail","hentry"],"acf":[],"_links":{"self":[{"href":"https:\/\/consultorsimmobiliaris.com\/fr\/wp-json\/wp\/v2\/pages\/1486","targetHints":{"allow":["GET"]}}],"collection":[{"href":"https:\/\/consultorsimmobiliaris.com\/fr\/wp-json\/wp\/v2\/pages"}],"about":[{"href":"https:\/\/consultorsimmobiliaris.com\/fr\/wp-json\/wp\/v2\/types\/page"}],"author":[{"embeddable":true,"href":"https:\/\/consultorsimmobiliaris.com\/fr\/wp-json\/wp\/v2\/users\/1"}],"replies":[{"embeddable":true,"href":"https:\/\/consultorsimmobiliaris.com\/fr\/wp-json\/wp\/v2\/comments?post=1486"}],"version-history":[{"count":7,"href":"https:\/\/consultorsimmobiliaris.com\/fr\/wp-json\/wp\/v2\/pages\/1486\/revisions"}],"predecessor-version":[{"id":2379,"href":"https:\/\/consultorsimmobiliaris.com\/fr\/wp-json\/wp\/v2\/pages\/1486\/revisions\/2379"}],"wp:featuredmedia":[{"embeddable":true,"href":"https:\/\/consultorsimmobiliaris.com\/fr\/wp-json\/wp\/v2\/media\/982"}],"wp:attachment":[{"href":"https:\/\/consultorsimmobiliaris.com\/fr\/wp-json\/wp\/v2\/media?parent=1486"}],"curies":[{"name":"wp","href":"https:\/\/api.w.org\/{rel}","templated":true}]}}